{"id":3,"date":"2020-05-13T23:09:15","date_gmt":"2020-05-13T21:09:15","guid":{"rendered":"https:\/\/culinare.bio\/?page_id=3"},"modified":"2023-09-29T16:52:08","modified_gmt":"2023-09-29T14:52:08","slug":"mentions-legales","status":"publish","type":"page","link":"https:\/\/culinare.bio\/nl\/juridische-kennisgeving\/","title":{"rendered":"Juridische kennisgeving"},"content":{"rendered":"<div data-elementor-type=\"wp-page\" data-elementor-id=\"3\" class=\"elementor elementor-3\" data-elementor-post-type=\"page\">\n\t\t\t\t\t\t<section class=\"elementor-section elementor-top-section elementor-element elementor-element-95b60e3 elementor-section-boxed elementor-section-height-default elementor-section-height-default\" data-id=\"95b60e3\" data-element_type=\"section\">\n\t\t\t\t\t\t<div class=\"elementor-container elementor-column-gap-wide\">\n\t\t\t\t\t<div class=\"elementor-column elementor-col-100 elementor-top-column elementor-element elementor-element-0343070\" data-id=\"0343070\" data-element_type=\"column\">\n\t\t\t<div class=\"elementor-widget-wrap elementor-element-populated\">\n\t\t\t\t\t\t<div class=\"elementor-element elementor-element-5da9559 elementor-widget elementor-widget-heading\" data-id=\"5da9559\" data-element_type=\"widget\" data-widget_type=\"heading.default\">\n\t\t\t\t<div class=\"elementor-widget-container\">\n\t\t\t\t\t<h1 class=\"elementor-heading-title elementor-size-default\">Juridische kennisgeving<\/h1>\t\t\t\t<\/div>\n\t\t\t\t<\/div>\n\t\t\t\t<div class=\"elementor-element elementor-element-e2bacef elementor-widget-divider--separator-type-pattern elementor-widget-divider--view-line elementor-widget elementor-widget-divider\" data-id=\"e2bacef\" data-element_type=\"widget\" data-widget_type=\"divider.default\">\n\t\t\t\t<div class=\"elementor-widget-container\">\n\t\t\t\t\t\t\t<div class=\"elementor-divider\" style=\"--divider-pattern-url: url(&quot;data:image\/svg+xml,%3Csvg xmlns=&#039;http:\/\/www.w3.org\/2000\/svg&#039; preserveAspectRatio=&#039;none&#039; overflow=&#039;visible&#039; height=&#039;100%&#039; viewBox=&#039;0 0 24 24&#039; fill=&#039;none&#039; stroke=&#039;black&#039; stroke-width=&#039;4&#039; stroke-linecap=&#039;square&#039; stroke-miterlimit=&#039;10&#039;%3E%3Cpath d=&#039;M0,6c6,0,6,13,12,13S18,6,24,6&#039;\/%3E%3C\/svg%3E&quot;);\">\n\t\t\t<span class=\"elementor-divider-separator\">\n\t\t\t\t\t\t<\/span>\n\t\t<\/div>\n\t\t\t\t\t\t<\/div>\n\t\t\t\t<\/div>\n\t\t\t\t<div class=\"elementor-element elementor-element-ee5fa2f elementor-widget elementor-widget-text-editor\" data-id=\"ee5fa2f\" data-element_type=\"widget\" data-widget_type=\"text-editor.default\">\n\t\t\t\t<div class=\"elementor-widget-container\">\n\t\t\t\t\t\t\t\t\t<h3>1. Presentatie van de site.<\/h3><p>En vertu de l&#8217;article 6 de la loi n\u00b0 2004-575 du 21 juin 2004 pour la confiance dans l&#8217;\u00e9conomie num\u00e9rique, il est pr\u00e9cis\u00e9 aux utilisateurs du site <a href=\"https:\/\/culinare.bio\/nl\/\">www.culinare.bio<\/a> l&#8217;identit\u00e9 des diff\u00e9rents intervenants dans le cadre de sa r\u00e9alisation et de son suivi :<\/p><p><strong>Eigenaar<\/strong> : BONPLET \u2013 SARL 80386293700015 \u2013 rue du 19 maart 1962, BONPLET<br \/><strong>Schepper<\/strong> : <a href=\"https:\/\/culinare.bio\/nl\/\">Christophe Jestin<\/a><br \/><strong>Publicatiemanager<\/strong> : Apolonia Jestin \u2013 contact@culinare.bio<br \/>De publicatiebeheerder is een natuurlijk persoon of een rechtspersoon.<br \/><strong>Webmaster<\/strong> : Apolonia Jestin \u2013 contact@culinare.bio<br \/><strong>Gastheer<\/strong> : OVH \u2013 2 Rue Kellermann, 59100 Roubaix<\/p><h3>2. Algemene gebruiksvoorwaarden van de site en de aangeboden diensten.<\/h3><p>Gebruik van de site <a href=\"https:\/\/culinare.bio\/nl\/\">www.culinare.bio<\/a> impliceert de volledige aanvaarding van de hieronder beschreven algemene gebruiksvoorwaarden. Deze gebruiksvoorwaarden kunnen te allen tijde door gebruikers van de site worden gewijzigd of aangevuld <a href=\"https:\/\/culinare.bio\/nl\/\">www.culinare.bio<\/a> worden daarom verzocht deze regelmatig te raadplegen.<\/p><p>Deze site is normaal gesproken op elk moment toegankelijk voor gebruikers. Een onderbreking om redenen van technisch onderhoud kan echter worden besloten door BONPLET, die dan zal proberen de data en tijden van de interventie vooraf aan de gebruikers mee te delen.<\/p><p>De site <a href=\"https:\/\/culinare.bio\/nl\/\">www.culinare.bio<\/a> wordt regelmatig bijgewerkt door Apolonia Jestin. Op dezelfde manier kunnen de wettelijke vermeldingen op elk moment worden gewijzigd: ze zijn niettemin bindend voor de gebruiker die wordt uitgenodigd om ze zo vaak mogelijk te raadplegen om ze te lezen.<\/p><h3>3. Beschrijving van de geleverde diensten.<\/h3><p>De site <a href=\"https:\/\/culinare.bio\/nl\/\">www.culinare.bio<\/a> heeft tot doel informatie te verstrekken over alle activiteiten van het bedrijf.<\/p><p>BONPLET streeft ernaar om op de site aan te bieden <a href=\"https:\/\/culinare.bio\/nl\/\">www.culinare.bio<\/a> informatie zo accuraat mogelijk te maken. Het kan echter niet verantwoordelijk worden gehouden voor weglatingen, onnauwkeurigheden en tekortkomingen in de update, ongeacht of deze te wijten zijn aan zichzelf of aan de externe partners die deze informatie verstrekken.<\/p><p>Alle informatie aangegeven op de site <a href=\"https:\/\/culinare.bio\/nl\/\">www.culinare.bio<\/a> worden uitsluitend ter informatie gegeven en kunnen aan wijzigingen onderhevig zijn. Verder de informatie die op de site verschijnt <a href=\"https:\/\/culinare.bio\/nl\/\">www.culinare.bio<\/a> zijn niet uitputtend. Ze worden verstrekt onder voorbehoud van wijzigingen die zijn aangebracht sinds ze online zijn gezet.<\/p><h3>4. Contractuele beperkingen op technische gegevens.<\/h3><p>De site maakt gebruik van JavaScript-technologie.<\/p><p>De website kan niet aansprakelijk worden gesteld voor materi\u00eble schade die verband houdt met het gebruik van de site. Bovendien verbindt de gebruiker van de site zich ertoe de site te bezoeken met behulp van recente apparatuur, die geen virussen bevat en met een bijgewerkte browser van de nieuwste generatie.<\/p><h3>5. Intellectuele eigendom en namaak.<\/h3><p>BONPLET bezit de intellectuele eigendomsrechten of bezit de gebruiksrechten op alle elementen die toegankelijk zijn op de site, in het bijzonder teksten, afbeeldingen, grafische afbeeldingen, logo&#039;s, iconen, geluiden, software.<\/p><p>Elke reproductie, weergave, wijziging, publicatie, aanpassing van alle of een deel van de elementen van de site, ongeacht het gebruikte middel of proces, is verboden zonder voorafgaande schriftelijke toestemming van: BONPLET.<\/p><p>Elk ongeoorloofd gebruik van de site of een van de elementen die deze bevat, zal worden beschouwd als een inbreuk en zal worden vervolgd in overeenstemming met de bepalingen van de artikelen L.335-2 en volgende van het Wetboek van Intellectuele Eigendom.<\/p><h3>6. Beperkingen van aansprakelijkheid.<\/h3><p>BONPLET kan niet aansprakelijk worden gesteld voor directe of indirecte schade veroorzaakt aan de apparatuur van de gebruiker bij het bezoeken van de site www.culinare.bio, en die voortvloeit uit het gebruik van apparatuur die niet voldoet aan de specificaties vermeld in punt 4, of het optreden van een bug of incompatibiliteit. .<\/p><p>BONPLET kan ook niet aansprakelijk worden gesteld voor indirecte schade (zoals marktverlies of verlies van kansen) die voortvloeit uit het gebruik van de site. <a href=\"https:\/\/culinare.bio\/nl\/\">www.culinare.bio<\/a>.<\/p><p>Interactieve ruimtes (mogelijkheid om vragen te stellen in het contactgedeelte) zijn beschikbaar voor gebruikers. BONPLET behoudt zich het recht voor om, zonder voorafgaande kennisgeving, alle inhoud die in deze ruimte is geplaatst te verwijderen en die in strijd is met de wetgeving die van toepassing is in Frankrijk, in het bijzonder de bepalingen met betrekking tot gegevensbescherming. Waar van toepassing behoudt BONPLET zich tevens het recht voor om de burgerlijke en\/of strafrechtelijke aansprakelijkheid van de gebruiker in twijfel te trekken, met name in het geval van berichten van racistische, beledigende, lasterlijke of pornografische aard, ongeacht het gebruikte medium (tekst, fotografie\u2026).<\/p><h3>7. Beheer van persoonsgegevens.<\/h3><p>En France, les donn\u00e9es personnelles sont notamment prot\u00e9g\u00e9es par la loi n\u00b0 78-87 du 6 janvier 1978, la loi n\u00b0 2004-801 du 6 ao\u00fbt 2004, l&#8217;article L. 226-13 du Code p\u00e9nal et la Directive Europ\u00e9enne du 24 octobre 1995.<\/p><p>A l&#8217;occasion de l&#8217;utilisation du site <a href=\"https:\/\/culinare.bio\/nl\/\">www.culinare.bio<\/a>, peuvent \u00eatres recueillies : l&#8217;URL des liens par l&#8217;interm\u00e9diaire desquels l&#8217;utilisateur a acc\u00e9d\u00e9 au site <a href=\"https:\/\/culinare.bio\/nl\/\">www.culinare.bio<\/a>, le fournisseur d&#8217;acc\u00e8s de l&#8217;utilisateur, l&#8217;adresse de protocole Internet (IP) de l&#8217;utilisateur.<\/p><p>En tout \u00e9tat de cause BONPLET ne collecte des informations personnelles relatives \u00e0 l&#8217;utilisateur que pour le besoin de certains services propos\u00e9s par le site <a href=\"https:\/\/culinare.bio\/nl\/\">www.culinare.bio<\/a>. L&#8217;utilisateur fournit ces informations en toute connaissance de cause, notamment lorsqu&#8217;il proc\u00e8de par lui-m\u00eame \u00e0 leur saisie. Il est alors pr\u00e9cis\u00e9 \u00e0 l&#8217;utilisateur du site <a href=\"https:\/\/culinare.bio\/nl\/\">www.culinare.bio<\/a> de verplichting om deze informatie al dan niet te verstrekken.<\/p><p>In overeenstemming met de bepalingen van de artikelen 38 en volgende van wet 78-17 van 6 januari 1978 met betrekking tot gegevensverwerking, bestanden en vrijheden, heeft elke gebruiker een recht op toegang, rectificatie en verzet tegen persoonlijke gegevens die hem betreffen, door zijn schriftelijke en ondertekend verzoek, vergezeld van een kopie van het identiteitsbewijs met handtekening van de houder van het document, met vermelding van het adres waarnaar het antwoord moet worden verzonden.<\/p><p>Aucune information personnelle de l&#8217;utilisateur du site <a href=\"https:\/\/culinare.bio\/nl\/\">www.culinare.bio<\/a> n&#8217;est publi\u00e9e \u00e0 l&#8217;insu de l&#8217;utilisateur, \u00e9chang\u00e9e, transf\u00e9r\u00e9e, c\u00e9d\u00e9e ou vendue sur un support quelconque \u00e0 des tiers. Seule l&#8217;hypoth\u00e8se du rachat de BONPLET et de ses droits permettrait la transmission des dites informations \u00e0 l&#8217;\u00e9ventuel acqu\u00e9reur qui serait \u00e0 son tour tenu de la m\u00eame obligation de conservation et de modification des donn\u00e9es vis \u00e0 vis de l&#8217;utilisateur du site <a href=\"https:\/\/culinare.bio\/nl\/\">www.culinare.bio<\/a>.<\/p><p>De databanken worden beschermd door de bepalingen van de wet van 1 juli 1998 tot omzetting van richtlijn 96\/9 van 11 maart 1996 betreffende de rechtsbescherming van databanken.<\/p><h3>8. Hypertextlinks en cookies.<\/h3><p>De site <a href=\"https:\/\/culinare.bio\/nl\/\">www.culinare.bio<\/a> bevat een bepaald aantal hypertextlinks naar andere sites, opgezet met toestemming van BONPLET. BONPLET is echter niet in staat de inhoud van de bezochte sites te verifi\u00ebren en aanvaardt hiervoor dan ook geen verantwoordelijkheid.<\/p><p>Navigatie op de site <a href=\"https:\/\/culinare.bio\/nl\/\">www.culinare.bio<\/a> kan de installatie van cookie(s) op de computer van de gebruiker veroorzaken. Een cookie is een klein bestand dat de identificatie van de gebruiker niet mogelijk maakt, maar dat informatie registreert met betrekking tot de navigatie van een computer op een site. De aldus verkregen gegevens zijn bedoeld om de daaropvolgende navigatie op de site te vergemakkelijken en zijn tevens bedoeld om verschillende verkeersmetingen mogelijk te maken.<\/p><p>Als u weigert een cookie te plaatsen, kan dit tot gevolg hebben dat u geen toegang heeft tot bepaalde diensten. De gebruiker kan zijn computer echter op de volgende manier configureren om de installatie van cookies te weigeren:<\/p><p>Onder Internet Explorer: tabblad Tool (tandwielvormig pictogram rechtsboven) \/ internetopties. Klik op Privacy en kies Alle cookies blokkeren. Valideer op Ok.<\/p><p>Sous Firefox : en haut de la fen\u00eatre du navigateur, cliquez sur le bouton Firefox, puis aller dans l&#8217;onglet Options. Cliquer sur l&#8217;onglet Vie priv\u00e9e.<br \/>Param\u00e9trez les R\u00e8gles de conservation sur : utiliser les param\u00e8tres personnalis\u00e9s pour l&#8217;historique. Enfin d\u00e9cochez-la pour d\u00e9sactiver les cookies.<\/p><p>Sous Safari : Cliquez en haut \u00e0 droite du navigateur sur le pictogramme de menu (symbolis\u00e9 par un rouage). S\u00e9lectionnez Param\u00e8tres. Cliquez sur Afficher les param\u00e8tres avanc\u00e9s. Dans la section &#8220;Confidentialit\u00e9&#8221;, cliquez sur Param\u00e8tres de contenu. Dans la section &#8220;Cookies&#8221;, vous pouvez bloquer les cookies.<\/p><p>Sous Chrome : Cliquez en haut \u00e0 droite du navigateur sur le pictogramme de menu (symbolis\u00e9 par trois lignes horizontales). S\u00e9lectionnez Param\u00e8tres. Cliquez sur Afficher les param\u00e8tres avanc\u00e9s. Dans la section &#8220;Confidentialit\u00e9&#8221;, cliquez sur pr\u00e9f\u00e9rences. Dans l&#8217;onglet &#8220;Confidentialit\u00e9&#8221;, vous pouvez bloquer les cookies.<\/p><h3>9. Toepasselijk recht en toekenning van jurisdictie.<\/h3><p>Elk geschil met betrekking tot het gebruik van de site <a href=\"https:\/\/culinare.bio\/nl\/\">www.culinare.bio<\/a> valt onder het Franse recht. Exclusieve jurisdictie wordt verleend aan de bevoegde rechtbanken van Parijs.<\/p><h3>10. De belangrijkste betrokken wetten.<\/h3><p>Loi n\u00b0 78-17 du 6 janvier 1978, notamment modifi\u00e9e par la loi n\u00b0 2004-801 du 6 ao\u00fbt 2004 relative \u00e0 l&#8217;informatique, aux fichiers et aux libert\u00e9s.<\/p><p>Loi n\u00b0 2004-575 du 21 juin 2004 pour la confiance dans l&#8217;\u00e9conomie num\u00e9rique.<\/p><h3>11. Woordenlijst.<\/h3><p>Gebruiker: internetgebruiker die verbinding maakt via de bovengenoemde site.<\/p><p>Informations personnelles : \u00ab les informations qui permettent, sous quelque forme que ce soit, directement ou non, l&#8217;identification des personnes physiques auxquelles elles s&#8217;appliquent \u00bb (article 4 de la loi n\u00b0 78-17 du 6 janvier 1978).<\/p>\t\t\t\t\t\t\t\t<\/div>\n\t\t\t\t<\/div>\n\t\t\t\t\t<\/div>\n\t\t<\/div>\n\t\t\t\t\t<\/div>\n\t\t<\/section>\n\t\t\t\t<\/div>","protected":false},"excerpt":{"rendered":"<p>Mentions l\u00e9gales 1. Pr\u00e9sentation du site. En vertu de l&#8217;article 6 de la loi n\u00b0 2004-575 du 21 juin 2004 pour la confiance dans l&#8217;\u00e9conomie num\u00e9rique, il est pr\u00e9cis\u00e9 aux utilisateurs du site www.culinare.bio l&#8217;identit\u00e9 des diff\u00e9rents intervenants dans le cadre de sa r\u00e9alisation et de son suivi : Propri\u00e9taire : BONPLET \u2013 SARL 80386293700015 [&hellip;]<\/p>","protected":false},"author":2,"featured_media":0,"parent":0,"menu_order":0,"comment_status":"closed","ping_status":"open","template":"elementor_header_footer","meta":{"footnotes":""},"yoast_head":"<!-- This site is optimized with the Yoast SEO plugin v24.5 - https:\/\/yoast.com\/wordpress\/plugins\/seo\/ -->\n<title>Mentions l\u00e9gales - Culinare Bio<\/title>\n<meta name=\"robots\" content=\"index, follow, max-snippet:-1, max-image-preview:large, max-video-preview:-1\" \/>\n<link rel=\"canonical\" href=\"https:\/\/culinare.bio\/nl\/juridische-kennisgeving\/\" \/>\n<meta property=\"og:locale\" content=\"nl_NL\" \/>\n<meta property=\"og:type\" content=\"article\" \/>\n<meta property=\"og:title\" content=\"Mentions l\u00e9gales - Culinare Bio\" \/>\n<meta property=\"og:description\" content=\"Mentions l\u00e9gales 1. Pr\u00e9sentation du site. En vertu de l&#8217;article 6 de la loi n\u00b0 2004-575 du 21 juin 2004 pour la confiance dans l&#8217;\u00e9conomie num\u00e9rique, il est pr\u00e9cis\u00e9 aux utilisateurs du site www.culinare.bio l&#8217;identit\u00e9 des diff\u00e9rents intervenants dans le cadre de sa r\u00e9alisation et de son suivi : Propri\u00e9taire : BONPLET \u2013 SARL 80386293700015 [&hellip;]\" \/>\n<meta property=\"og:url\" content=\"https:\/\/culinare.bio\/nl\/juridische-kennisgeving\/\" \/>\n<meta property=\"og:site_name\" content=\"Culinare Bio\" \/>\n<meta property=\"article:modified_time\" content=\"2023-09-29T14:52:08+00:00\" \/>\n<meta property=\"og:image\" content=\"https:\/\/mlfn8maxtp7f.i.optimole.com\/w:auto\/h:auto\/q:mauto\/g:sm\/f:best\/ig:avif\/https:\/\/culinare.bio\/wp-content\/uploads\/2023\/09\/culinare-thumb.jpg\" \/>\n\t<meta property=\"og:image:width\" content=\"1200\" \/>\n\t<meta property=\"og:image:height\" content=\"675\" \/>\n\t<meta property=\"og:image:type\" content=\"image\/jpeg\" \/>\n<meta name=\"twitter:card\" content=\"summary_large_image\" \/>\n<meta name=\"twitter:label1\" content=\"Geschatte leestijd\" \/>\n\t<meta name=\"twitter:data1\" content=\"8 minuten\" \/>\n<script type=\"application\/ld+json\" class=\"yoast-schema-graph\">{\"@context\":\"https:\/\/schema.org\",\"@graph\":[{\"@type\":\"WebPage\",\"@id\":\"https:\/\/culinare.bio\/mentions-legales\/\",\"url\":\"https:\/\/culinare.bio\/mentions-legales\/\",\"name\":\"Mentions l\u00e9gales - Culinare Bio\",\"isPartOf\":{\"@id\":\"https:\/\/culinare.bio\/#website\"},\"datePublished\":\"2020-05-13T21:09:15+00:00\",\"dateModified\":\"2023-09-29T14:52:08+00:00\",\"breadcrumb\":{\"@id\":\"https:\/\/culinare.bio\/mentions-legales\/#breadcrumb\"},\"inLanguage\":\"nl-NL\",\"potentialAction\":[{\"@type\":\"ReadAction\",\"target\":[\"https:\/\/culinare.bio\/mentions-legales\/\"]}]},{\"@type\":\"BreadcrumbList\",\"@id\":\"https:\/\/culinare.bio\/mentions-legales\/#breadcrumb\",\"itemListElement\":[{\"@type\":\"ListItem\",\"position\":1,\"name\":\"Home\",\"item\":\"https:\/\/culinare.bio\/\"},{\"@type\":\"ListItem\",\"position\":2,\"name\":\"Mentions l\u00e9gales\"}]},{\"@type\":\"WebSite\",\"@id\":\"https:\/\/culinare.bio\/#website\",\"url\":\"https:\/\/culinare.bio\/\",\"name\":\"Culinare Bio\",\"description\":\"\",\"publisher\":{\"@id\":\"https:\/\/culinare.bio\/#organization\"},\"potentialAction\":[{\"@type\":\"SearchAction\",\"target\":{\"@type\":\"EntryPoint\",\"urlTemplate\":\"https:\/\/culinare.bio\/?s={search_term_string}\"},\"query-input\":{\"@type\":\"PropertyValueSpecification\",\"valueRequired\":true,\"valueName\":\"search_term_string\"}}],\"inLanguage\":\"nl-NL\"},{\"@type\":\"Organization\",\"@id\":\"https:\/\/culinare.bio\/#organization\",\"name\":\"Culinare Bio\",\"url\":\"https:\/\/culinare.bio\/\",\"logo\":{\"@type\":\"ImageObject\",\"inLanguage\":\"nl-NL\",\"@id\":\"https:\/\/culinare.bio\/#\/schema\/logo\/image\/\",\"url\":\"https:\/\/mlfn8maxtp7f.i.optimole.com\/w:auto\/h:auto\/q:mauto\/g:sm\/f:best\/ig:avif\/https:\/\/culinare.bio\/wp-content\/uploads\/2020\/10\/cropped-Culinare-logo-noir-2-1.png\",\"contentUrl\":\"https:\/\/mlfn8maxtp7f.i.optimole.com\/w:auto\/h:auto\/q:mauto\/g:sm\/f:best\/ig:avif\/https:\/\/culinare.bio\/wp-content\/uploads\/2020\/10\/cropped-Culinare-logo-noir-2-1.png\",\"width\":1586,\"height\":1584,\"caption\":\"Culinare Bio\"},\"image\":{\"@id\":\"https:\/\/culinare.bio\/#\/schema\/logo\/image\/\"},\"sameAs\":[\"https:\/\/www.instagram.com\/culinarebio\/\"]}]}<\/script>\n<!-- \/ Yoast SEO plugin. -->","yoast_head_json":{"title":"Mentions l\u00e9gales - Culinare Bio","robots":{"index":"index","follow":"follow","max-snippet":"max-snippet:-1","max-image-preview":"max-image-preview:large","max-video-preview":"max-video-preview:-1"},"canonical":"https:\/\/culinare.bio\/nl\/juridische-kennisgeving\/","og_locale":"nl_NL","og_type":"article","og_title":"Mentions l\u00e9gales - Culinare Bio","og_description":"Mentions l\u00e9gales 1. Pr\u00e9sentation du site. En vertu de l&#8217;article 6 de la loi n\u00b0 2004-575 du 21 juin 2004 pour la confiance dans l&#8217;\u00e9conomie num\u00e9rique, il est pr\u00e9cis\u00e9 aux utilisateurs du site www.culinare.bio l&#8217;identit\u00e9 des diff\u00e9rents intervenants dans le cadre de sa r\u00e9alisation et de son suivi : Propri\u00e9taire : BONPLET \u2013 SARL 80386293700015 [&hellip;]","og_url":"https:\/\/culinare.bio\/nl\/juridische-kennisgeving\/","og_site_name":"Culinare Bio","article_modified_time":"2023-09-29T14:52:08+00:00","og_image":[{"width":1200,"height":675,"url":"https:\/\/mlfn8maxtp7f.i.optimole.com\/w:auto\/h:auto\/q:mauto\/g:sm\/f:best\/ig:avif\/https:\/\/culinare.bio\/wp-content\/uploads\/2023\/09\/culinare-thumb.jpg","type":"image\/jpeg"}],"twitter_card":"summary_large_image","twitter_misc":{"Geschatte leestijd":"8 minuten"},"schema":{"@context":"https:\/\/schema.org","@graph":[{"@type":"WebPage","@id":"https:\/\/culinare.bio\/mentions-legales\/","url":"https:\/\/culinare.bio\/mentions-legales\/","name":"Mentions l\u00e9gales - Culinare Bio","isPartOf":{"@id":"https:\/\/culinare.bio\/#website"},"datePublished":"2020-05-13T21:09:15+00:00","dateModified":"2023-09-29T14:52:08+00:00","breadcrumb":{"@id":"https:\/\/culinare.bio\/mentions-legales\/#breadcrumb"},"inLanguage":"nl-NL","potentialAction":[{"@type":"ReadAction","target":["https:\/\/culinare.bio\/mentions-legales\/"]}]},{"@type":"BreadcrumbList","@id":"https:\/\/culinare.bio\/mentions-legales\/#breadcrumb","itemListElement":[{"@type":"ListItem","position":1,"name":"Home","item":"https:\/\/culinare.bio\/"},{"@type":"ListItem","position":2,"name":"Mentions l\u00e9gales"}]},{"@type":"WebSite","@id":"https:\/\/culinare.bio\/#website","url":"https:\/\/culinare.bio\/","name":"Culinare Bio","description":"","publisher":{"@id":"https:\/\/culinare.bio\/#organization"},"potentialAction":[{"@type":"SearchAction","target":{"@type":"EntryPoint","urlTemplate":"https:\/\/culinare.bio\/?s={search_term_string}"},"query-input":{"@type":"PropertyValueSpecification","valueRequired":true,"valueName":"search_term_string"}}],"inLanguage":"nl-NL"},{"@type":"Organization","@id":"https:\/\/culinare.bio\/#organization","name":"Culinare Bio","url":"https:\/\/culinare.bio\/","logo":{"@type":"ImageObject","inLanguage":"nl-NL","@id":"https:\/\/culinare.bio\/#\/schema\/logo\/image\/","url":"https:\/\/mlfn8maxtp7f.i.optimole.com\/w:auto\/h:auto\/q:mauto\/g:sm\/f:best\/ig:avif\/https:\/\/culinare.bio\/wp-content\/uploads\/2020\/10\/cropped-Culinare-logo-noir-2-1.png","contentUrl":"https:\/\/mlfn8maxtp7f.i.optimole.com\/w:auto\/h:auto\/q:mauto\/g:sm\/f:best\/ig:avif\/https:\/\/culinare.bio\/wp-content\/uploads\/2020\/10\/cropped-Culinare-logo-noir-2-1.png","width":1586,"height":1584,"caption":"Culinare Bio"},"image":{"@id":"https:\/\/culinare.bio\/#\/schema\/logo\/image\/"},"sameAs":["https:\/\/www.instagram.com\/culinarebio\/"]}]}},"_links":{"self":[{"href":"https:\/\/culinare.bio\/nl\/wp-json\/wp\/v2\/pages\/3"}],"collection":[{"href":"https:\/\/culinare.bio\/nl\/wp-json\/wp\/v2\/pages"}],"about":[{"href":"https:\/\/culinare.bio\/nl\/wp-json\/wp\/v2\/types\/page"}],"author":[{"embeddable":true,"href":"https:\/\/culinare.bio\/nl\/wp-json\/wp\/v2\/users\/2"}],"replies":[{"embeddable":true,"href":"https:\/\/culinare.bio\/nl\/wp-json\/wp\/v2\/comments?post=3"}],"version-history":[{"count":12,"href":"https:\/\/culinare.bio\/nl\/wp-json\/wp\/v2\/pages\/3\/revisions"}],"predecessor-version":[{"id":1239,"href":"https:\/\/culinare.bio\/nl\/wp-json\/wp\/v2\/pages\/3\/revisions\/1239"}],"wp:attachment":[{"href":"https:\/\/culinare.bio\/nl\/wp-json\/wp\/v2\/media?parent=3"}],"curies":[{"name":"wp","href":"https:\/\/api.w.org\/{rel}","templated":true}]}}