{"id":3,"date":"2020-05-13T23:09:15","date_gmt":"2020-05-13T21:09:15","guid":{"rendered":"https:\/\/culinare.bio\/?page_id=3"},"modified":"2023-09-29T16:52:08","modified_gmt":"2023-09-29T14:52:08","slug":"mentions-legales","status":"publish","type":"page","link":"https:\/\/culinare.bio\/es\/notas-legales\/","title":{"rendered":"Notas legales"},"content":{"rendered":"<div data-elementor-type=\"wp-page\" data-elementor-id=\"3\" class=\"elementor elementor-3\" data-elementor-post-type=\"page\">\n\t\t\t\t\t\t<section class=\"elementor-section elementor-top-section elementor-element elementor-element-95b60e3 elementor-section-boxed elementor-section-height-default elementor-section-height-default\" data-id=\"95b60e3\" data-element_type=\"section\">\n\t\t\t\t\t\t<div class=\"elementor-container elementor-column-gap-wide\">\n\t\t\t\t\t<div class=\"elementor-column elementor-col-100 elementor-top-column elementor-element elementor-element-0343070\" data-id=\"0343070\" data-element_type=\"column\">\n\t\t\t<div class=\"elementor-widget-wrap elementor-element-populated\">\n\t\t\t\t\t\t<div class=\"elementor-element elementor-element-5da9559 elementor-widget elementor-widget-heading\" data-id=\"5da9559\" data-element_type=\"widget\" data-widget_type=\"heading.default\">\n\t\t\t\t<div class=\"elementor-widget-container\">\n\t\t\t\t\t<h1 class=\"elementor-heading-title elementor-size-default\">Notas legales<\/h1>\t\t\t\t<\/div>\n\t\t\t\t<\/div>\n\t\t\t\t<div class=\"elementor-element elementor-element-e2bacef elementor-widget-divider--separator-type-pattern elementor-widget-divider--view-line elementor-widget elementor-widget-divider\" data-id=\"e2bacef\" data-element_type=\"widget\" data-widget_type=\"divider.default\">\n\t\t\t\t<div class=\"elementor-widget-container\">\n\t\t\t\t\t\t\t<div class=\"elementor-divider\" style=\"--divider-pattern-url: url(&quot;data:image\/svg+xml,%3Csvg xmlns=&#039;http:\/\/www.w3.org\/2000\/svg&#039; preserveAspectRatio=&#039;none&#039; overflow=&#039;visible&#039; height=&#039;100%&#039; viewBox=&#039;0 0 24 24&#039; fill=&#039;none&#039; stroke=&#039;black&#039; stroke-width=&#039;4&#039; stroke-linecap=&#039;square&#039; stroke-miterlimit=&#039;10&#039;%3E%3Cpath d=&#039;M0,6c6,0,6,13,12,13S18,6,24,6&#039;\/%3E%3C\/svg%3E&quot;);\">\n\t\t\t<span class=\"elementor-divider-separator\">\n\t\t\t\t\t\t<\/span>\n\t\t<\/div>\n\t\t\t\t\t\t<\/div>\n\t\t\t\t<\/div>\n\t\t\t\t<div class=\"elementor-element elementor-element-ee5fa2f elementor-widget elementor-widget-text-editor\" data-id=\"ee5fa2f\" data-element_type=\"widget\" data-widget_type=\"text-editor.default\">\n\t\t\t\t<div class=\"elementor-widget-container\">\n\t\t\t\t\t\t\t\t\t<h3>1. Presentaci\u00f3n del sitio.<\/h3><p>En vertu de l&#8217;article 6 de la loi n\u00b0 2004-575 du 21 juin 2004 pour la confiance dans l&#8217;\u00e9conomie num\u00e9rique, il est pr\u00e9cis\u00e9 aux utilisateurs du site <a href=\"https:\/\/culinare.bio\/es\/\">www.culinare.bio<\/a> l&#8217;identit\u00e9 des diff\u00e9rents intervenants dans le cadre de sa r\u00e9alisation et de son suivi :<\/p><p><strong>Due\u00f1o<\/strong> : BONPLET \u2013 SARL 80386293700015 \u2013 rue du 19 mars 1962, BONPLET<br \/><strong>Creador<\/strong> : <a href=\"https:\/\/culinare.bio\/es\/\">Christophe Jestin<\/a><br \/><strong>Responsable de publicaciones<\/strong> : Apolonia Jestin \u2013 contact@culinare.bio<br \/>El responsable de la publicaci\u00f3n es una persona f\u00edsica o jur\u00eddica.<br \/><strong>Administrador de p\u00e1gina web<\/strong> : Apolonia Jestin \u2013 contact@culinare.bio<br \/><strong>Anfitri\u00f3n<\/strong> : OVH \u2013 2 Rue Kellermann, 59100 Roubaix<\/p><h3>2. Condiciones generales de uso del sitio y de los servicios ofrecidos.<\/h3><p>Uso del sitio <a href=\"https:\/\/culinare.bio\/es\/\">www.culinare.bio<\/a> implica la plena aceptaci\u00f3n de las condiciones generales de uso que se describen a continuaci\u00f3n. Estas condiciones de uso podr\u00e1n ser modificadas o complementadas en cualquier momento, los usuarios del sitio <a href=\"https:\/\/culinare.bio\/es\/\">www.culinare.bio<\/a> Por lo tanto, se les invita a consultarlos peri\u00f3dicamente.<\/p><p>Normalmente, los usuarios pueden acceder a este sitio en cualquier momento. Sin embargo, BONPLET podr\u00e1 decidir una interrupci\u00f3n por motivos de mantenimiento t\u00e9cnico, que se esforzar\u00e1 en comunicar previamente a los usuarios las fechas y horas de la intervenci\u00f3n.<\/p><p>El sitio <a href=\"https:\/\/culinare.bio\/es\/\">www.culinare.bio<\/a> es actualizado peri\u00f3dicamente por Apolonia Jestin. Del mismo modo, los avisos legales pueden modificarse en cualquier momento: no obstante, son vinculantes para el usuario, que est\u00e1 invitado a consultarlos con la mayor frecuencia posible para leerlos.<\/p><h3>3. Descripci\u00f3n de los servicios prestados.<\/h3><p>El sitio <a href=\"https:\/\/culinare.bio\/es\/\">www.culinare.bio<\/a> tiene como objetivo proporcionar informaci\u00f3n sobre todas las actividades de la empresa.<\/p><p>BONPLET se esfuerza por ofrecer en el sitio <a href=\"https:\/\/culinare.bio\/es\/\">www.culinare.bio<\/a> informaci\u00f3n lo m\u00e1s precisa posible. Sin embargo, no se hace responsable de las omisiones, inexactitudes y deficiencias en la actualizaci\u00f3n, ya sean propias o de los terceros socios que proporcionan esta informaci\u00f3n.<\/p><p>Toda la informaci\u00f3n indicada en el sitio. <a href=\"https:\/\/culinare.bio\/es\/\">www.culinare.bio<\/a> se proporcionan \u00fanicamente con fines informativos y est\u00e1n sujetos a cambios. Adem\u00e1s, la informaci\u00f3n que aparece en el sitio <a href=\"https:\/\/culinare.bio\/es\/\">www.culinare.bio<\/a> no son exhaustivos. Se proporcionan sujetos a modificaciones que se hayan realizado desde su puesta en l\u00ednea.<\/p><h3>4. Limitaciones contractuales de los datos t\u00e9cnicos.<\/h3><p>El sitio utiliza tecnolog\u00eda JavaScript.<\/p><p>El sitio web no se hace responsable de los da\u00f1os materiales relacionados con el uso del sitio. Adem\u00e1s, el usuario del sitio se compromete a acceder al sitio utilizando equipos recientes, que no contengan virus y con un navegador actualizado de \u00faltima generaci\u00f3n.<\/p><h3>5. Propiedad Intelectual y Falsificaci\u00f3n.<\/h3><p>BONPLET posee los derechos de propiedad intelectual o posee los derechos de uso de todos los elementos accesibles en el sitio, en particular textos, im\u00e1genes, gr\u00e1ficos, logotipos, iconos, sonidos y software.<\/p><p>Cualquier reproducci\u00f3n, representaci\u00f3n, modificaci\u00f3n, publicaci\u00f3n, adaptaci\u00f3n de todo o parte de los elementos del sitio, cualquiera que sea el medio o proceso utilizado, queda prohibida sin la autorizaci\u00f3n previa por escrito de: BONPLET.<\/p><p>Cualquier utilizaci\u00f3n no autorizada del sitio o de cualquiera de los elementos que contiene se considerar\u00e1 una infracci\u00f3n y ser\u00e1 perseguida de conformidad con las disposiciones de los art\u00edculos L.335-2 y siguientes del C\u00f3digo de la Propiedad Intelectual.<\/p><h3>6. Limitaciones de Responsabilidad.<\/h3><p>BONPLET no se hace responsable de los da\u00f1os directos o indirectos causados al equipo del usuario al acceder al sitio www.culinare.bio, ya sea por el uso de un equipo que no cumple con las especificaciones indicadas en el punto 4, o por la aparici\u00f3n de un error o incompatibilidad. .<\/p><p>BONPLET tampoco se hace responsable de los da\u00f1os indirectos (como la p\u00e9rdida de mercado o la p\u00e9rdida de oportunidades) resultantes del uso del sitio. <a href=\"https:\/\/culinare.bio\/es\/\">www.culinare.bio<\/a>.<\/p><p>Se ponen a disposici\u00f3n de los usuarios espacios interactivos (posibilidad de realizar consultas en la zona de contacto). BONPLET se reserva el derecho de eliminar, sin previo aviso, cualquier contenido publicado en este espacio que contravenga la legislaci\u00f3n aplicable en Francia, en particular las disposiciones relativas a la protecci\u00f3n de datos. En su caso, BONPLET tambi\u00e9n se reserva el derecho de cuestionar la responsabilidad civil y\/o penal del usuario, en particular en caso de mensajes de car\u00e1cter racista, ofensivo, difamatorio o pornogr\u00e1fico, independientemente del medio utilizado (texto, fotograf\u00eda\u2026).<\/p><h3>7. Gesti\u00f3n de datos personales.<\/h3><p>En France, les donn\u00e9es personnelles sont notamment prot\u00e9g\u00e9es par la loi n\u00b0 78-87 du 6 janvier 1978, la loi n\u00b0 2004-801 du 6 ao\u00fbt 2004, l&#8217;article L. 226-13 du Code p\u00e9nal et la Directive Europ\u00e9enne du 24 octobre 1995.<\/p><p>A l&#8217;occasion de l&#8217;utilisation du site <a href=\"https:\/\/culinare.bio\/es\/\">www.culinare.bio<\/a>, peuvent \u00eatres recueillies : l&#8217;URL des liens par l&#8217;interm\u00e9diaire desquels l&#8217;utilisateur a acc\u00e9d\u00e9 au site <a href=\"https:\/\/culinare.bio\/es\/\">www.culinare.bio<\/a>, le fournisseur d&#8217;acc\u00e8s de l&#8217;utilisateur, l&#8217;adresse de protocole Internet (IP) de l&#8217;utilisateur.<\/p><p>En tout \u00e9tat de cause BONPLET ne collecte des informations personnelles relatives \u00e0 l&#8217;utilisateur que pour le besoin de certains services propos\u00e9s par le site <a href=\"https:\/\/culinare.bio\/es\/\">www.culinare.bio<\/a>. L&#8217;utilisateur fournit ces informations en toute connaissance de cause, notamment lorsqu&#8217;il proc\u00e8de par lui-m\u00eame \u00e0 leur saisie. Il est alors pr\u00e9cis\u00e9 \u00e0 l&#8217;utilisateur du site <a href=\"https:\/\/culinare.bio\/es\/\">www.culinare.bio<\/a> la obligaci\u00f3n o no de facilitar esta informaci\u00f3n.<\/p><p>De conformidad con lo dispuesto en los art\u00edculos 38 y siguientes de la ley 78-17 de 6 de enero de 1978 relativa al procesamiento de datos, archivos y libertades, cualquier usuario tiene derecho de acceso, rectificaci\u00f3n y oposici\u00f3n a los datos personales que le conciernen, mediante la presentaci\u00f3n por escrito. Solicitud firmada y acompa\u00f1ada de copia del documento de identidad con firma del titular del documento, especificando la direcci\u00f3n a la que deber\u00e1 dirigirse la respuesta.<\/p><p>Aucune information personnelle de l&#8217;utilisateur du site <a href=\"https:\/\/culinare.bio\/es\/\">www.culinare.bio<\/a> n&#8217;est publi\u00e9e \u00e0 l&#8217;insu de l&#8217;utilisateur, \u00e9chang\u00e9e, transf\u00e9r\u00e9e, c\u00e9d\u00e9e ou vendue sur un support quelconque \u00e0 des tiers. Seule l&#8217;hypoth\u00e8se du rachat de BONPLET et de ses droits permettrait la transmission des dites informations \u00e0 l&#8217;\u00e9ventuel acqu\u00e9reur qui serait \u00e0 son tour tenu de la m\u00eame obligation de conservation et de modification des donn\u00e9es vis \u00e0 vis de l&#8217;utilisateur du site <a href=\"https:\/\/culinare.bio\/es\/\">www.culinare.bio<\/a>.<\/p><p>Las bases de datos est\u00e1n protegidas por las disposiciones de la ley de 1 de julio de 1998 que transpone la directiva 96\/9 de 11 de marzo de 1996 relativa a la protecci\u00f3n jur\u00eddica de las bases de datos.<\/p><h3>8. Enlaces de hipertexto y cookies.<\/h3><p>El sitio <a href=\"https:\/\/culinare.bio\/es\/\">www.culinare.bio<\/a> contiene un cierto n\u00famero de enlaces de hipertexto hacia otros sitios, establecidos con la autorizaci\u00f3n de BONPLET. Sin embargo, BONPLET no puede verificar el contenido de los sitios visitados, por lo que no asumir\u00e1 ninguna responsabilidad al respecto.<\/p><p>Navegaci\u00f3n en el sitio <a href=\"https:\/\/culinare.bio\/es\/\">www.culinare.bio<\/a> puede provocar la instalaci\u00f3n de cookie(s) en el ordenador del usuario. Una cookie es un peque\u00f1o archivo que no permite la identificaci\u00f3n del usuario, pero que registra informaci\u00f3n relativa a la navegaci\u00f3n de un ordenador en un sitio. Los datos as\u00ed obtenidos tienen como objetivo facilitar la navegaci\u00f3n posterior en el sitio y tambi\u00e9n permitir diversas mediciones del tr\u00e1fico.<\/p><p>Negarse a instalar una cookie puede suponer la imposibilidad de acceder a determinados servicios. El usuario puede, no obstante, configurar su ordenador de la siguiente forma para rechazar la instalaci\u00f3n de cookies:<\/p><p>En Internet Explorer: pesta\u00f1a de herramientas (pictograma en forma de engranaje en la parte superior derecha) \/ opciones de Internet. Haga clic en Privacidad y elija Bloquear todas las cookies. Validar en Ok.<\/p><p>Sous Firefox : en haut de la fen\u00eatre du navigateur, cliquez sur le bouton Firefox, puis aller dans l&#8217;onglet Options. Cliquer sur l&#8217;onglet Vie priv\u00e9e.<br \/>Param\u00e9trez les R\u00e8gles de conservation sur : utiliser les param\u00e8tres personnalis\u00e9s pour l&#8217;historique. Enfin d\u00e9cochez-la pour d\u00e9sactiver les cookies.<\/p><p>Sous Safari : Cliquez en haut \u00e0 droite du navigateur sur le pictogramme de menu (symbolis\u00e9 par un rouage). S\u00e9lectionnez Param\u00e8tres. Cliquez sur Afficher les param\u00e8tres avanc\u00e9s. Dans la section &#8220;Confidentialit\u00e9&#8221;, cliquez sur Param\u00e8tres de contenu. Dans la section &#8220;Cookies&#8221;, vous pouvez bloquer les cookies.<\/p><p>Sous Chrome : Cliquez en haut \u00e0 droite du navigateur sur le pictogramme de menu (symbolis\u00e9 par trois lignes horizontales). S\u00e9lectionnez Param\u00e8tres. Cliquez sur Afficher les param\u00e8tres avanc\u00e9s. Dans la section &#8220;Confidentialit\u00e9&#8221;, cliquez sur pr\u00e9f\u00e9rences. Dans l&#8217;onglet &#8220;Confidentialit\u00e9&#8221;, vous pouvez bloquer les cookies.<\/p><h3>9. Ley aplicable y atribuci\u00f3n de competencia.<\/h3><p>Cualquier disputa relacionada con el uso del sitio. <a href=\"https:\/\/culinare.bio\/es\/\">www.culinare.bio<\/a> est\u00e1 sujeto a la ley francesa. La competencia exclusiva se concede a los tribunales competentes de Par\u00eds.<\/p><h3>10. Las principales leyes en cuesti\u00f3n.<\/h3><p>Loi n\u00b0 78-17 du 6 janvier 1978, notamment modifi\u00e9e par la loi n\u00b0 2004-801 du 6 ao\u00fbt 2004 relative \u00e0 l&#8217;informatique, aux fichiers et aux libert\u00e9s.<\/p><p>Loi n\u00b0 2004-575 du 21 juin 2004 pour la confiance dans l&#8217;\u00e9conomie num\u00e9rique.<\/p><h3>11. Glosario.<\/h3><p>Usuario: Usuario de Internet que se conecta a trav\u00e9s del sitio antes mencionado.<\/p><p>Informations personnelles : \u00ab les informations qui permettent, sous quelque forme que ce soit, directement ou non, l&#8217;identification des personnes physiques auxquelles elles s&#8217;appliquent \u00bb (article 4 de la loi n\u00b0 78-17 du 6 janvier 1978).<\/p>\t\t\t\t\t\t\t\t<\/div>\n\t\t\t\t<\/div>\n\t\t\t\t\t<\/div>\n\t\t<\/div>\n\t\t\t\t\t<\/div>\n\t\t<\/section>\n\t\t\t\t<\/div>","protected":false},"excerpt":{"rendered":"<p>Mentions l\u00e9gales 1. Pr\u00e9sentation du site. En vertu de l&#8217;article 6 de la loi n\u00b0 2004-575 du 21 juin 2004 pour la confiance dans l&#8217;\u00e9conomie num\u00e9rique, il est pr\u00e9cis\u00e9 aux utilisateurs du site www.culinare.bio l&#8217;identit\u00e9 des diff\u00e9rents intervenants dans le cadre de sa r\u00e9alisation et de son suivi : Propri\u00e9taire : BONPLET \u2013 SARL 80386293700015 [&hellip;]<\/p>","protected":false},"author":2,"featured_media":0,"parent":0,"menu_order":0,"comment_status":"closed","ping_status":"open","template":"elementor_header_footer","meta":{"footnotes":""},"yoast_head":"<!-- This site is optimized with the Yoast SEO plugin v24.5 - https:\/\/yoast.com\/wordpress\/plugins\/seo\/ -->\n<title>Mentions l\u00e9gales - Culinare Bio<\/title>\n<meta name=\"robots\" content=\"index, follow, max-snippet:-1, max-image-preview:large, max-video-preview:-1\" \/>\n<link rel=\"canonical\" href=\"https:\/\/culinare.bio\/es\/notas-legales\/\" \/>\n<meta property=\"og:locale\" content=\"es_ES\" \/>\n<meta property=\"og:type\" content=\"article\" \/>\n<meta property=\"og:title\" content=\"Mentions l\u00e9gales - Culinare Bio\" \/>\n<meta property=\"og:description\" content=\"Mentions l\u00e9gales 1. Pr\u00e9sentation du site. En vertu de l&#8217;article 6 de la loi n\u00b0 2004-575 du 21 juin 2004 pour la confiance dans l&#8217;\u00e9conomie num\u00e9rique, il est pr\u00e9cis\u00e9 aux utilisateurs du site www.culinare.bio l&#8217;identit\u00e9 des diff\u00e9rents intervenants dans le cadre de sa r\u00e9alisation et de son suivi : Propri\u00e9taire : BONPLET \u2013 SARL 80386293700015 [&hellip;]\" \/>\n<meta property=\"og:url\" content=\"https:\/\/culinare.bio\/es\/notas-legales\/\" \/>\n<meta property=\"og:site_name\" content=\"Culinare Bio\" \/>\n<meta property=\"article:modified_time\" content=\"2023-09-29T14:52:08+00:00\" \/>\n<meta property=\"og:image\" content=\"https:\/\/mlfn8maxtp7f.i.optimole.com\/w:auto\/h:auto\/q:mauto\/g:sm\/f:best\/ig:avif\/https:\/\/culinare.bio\/wp-content\/uploads\/2023\/09\/culinare-thumb.jpg\" \/>\n\t<meta property=\"og:image:width\" content=\"1200\" \/>\n\t<meta property=\"og:image:height\" content=\"675\" \/>\n\t<meta property=\"og:image:type\" content=\"image\/jpeg\" \/>\n<meta name=\"twitter:card\" content=\"summary_large_image\" \/>\n<meta name=\"twitter:label1\" content=\"Tiempo de lectura\" \/>\n\t<meta name=\"twitter:data1\" content=\"8 minutos\" \/>\n<script type=\"application\/ld+json\" class=\"yoast-schema-graph\">{\"@context\":\"https:\/\/schema.org\",\"@graph\":[{\"@type\":\"WebPage\",\"@id\":\"https:\/\/culinare.bio\/mentions-legales\/\",\"url\":\"https:\/\/culinare.bio\/mentions-legales\/\",\"name\":\"Mentions l\u00e9gales - Culinare Bio\",\"isPartOf\":{\"@id\":\"https:\/\/culinare.bio\/#website\"},\"datePublished\":\"2020-05-13T21:09:15+00:00\",\"dateModified\":\"2023-09-29T14:52:08+00:00\",\"breadcrumb\":{\"@id\":\"https:\/\/culinare.bio\/mentions-legales\/#breadcrumb\"},\"inLanguage\":\"es\",\"potentialAction\":[{\"@type\":\"ReadAction\",\"target\":[\"https:\/\/culinare.bio\/mentions-legales\/\"]}]},{\"@type\":\"BreadcrumbList\",\"@id\":\"https:\/\/culinare.bio\/mentions-legales\/#breadcrumb\",\"itemListElement\":[{\"@type\":\"ListItem\",\"position\":1,\"name\":\"Home\",\"item\":\"https:\/\/culinare.bio\/\"},{\"@type\":\"ListItem\",\"position\":2,\"name\":\"Mentions l\u00e9gales\"}]},{\"@type\":\"WebSite\",\"@id\":\"https:\/\/culinare.bio\/#website\",\"url\":\"https:\/\/culinare.bio\/\",\"name\":\"Culinare Bio\",\"description\":\"\",\"publisher\":{\"@id\":\"https:\/\/culinare.bio\/#organization\"},\"potentialAction\":[{\"@type\":\"SearchAction\",\"target\":{\"@type\":\"EntryPoint\",\"urlTemplate\":\"https:\/\/culinare.bio\/?s={search_term_string}\"},\"query-input\":{\"@type\":\"PropertyValueSpecification\",\"valueRequired\":true,\"valueName\":\"search_term_string\"}}],\"inLanguage\":\"es\"},{\"@type\":\"Organization\",\"@id\":\"https:\/\/culinare.bio\/#organization\",\"name\":\"Culinare Bio\",\"url\":\"https:\/\/culinare.bio\/\",\"logo\":{\"@type\":\"ImageObject\",\"inLanguage\":\"es\",\"@id\":\"https:\/\/culinare.bio\/#\/schema\/logo\/image\/\",\"url\":\"https:\/\/mlfn8maxtp7f.i.optimole.com\/w:auto\/h:auto\/q:mauto\/g:sm\/f:best\/ig:avif\/https:\/\/culinare.bio\/wp-content\/uploads\/2020\/10\/cropped-Culinare-logo-noir-2-1.png\",\"contentUrl\":\"https:\/\/mlfn8maxtp7f.i.optimole.com\/w:auto\/h:auto\/q:mauto\/g:sm\/f:best\/ig:avif\/https:\/\/culinare.bio\/wp-content\/uploads\/2020\/10\/cropped-Culinare-logo-noir-2-1.png\",\"width\":1586,\"height\":1584,\"caption\":\"Culinare Bio\"},\"image\":{\"@id\":\"https:\/\/culinare.bio\/#\/schema\/logo\/image\/\"},\"sameAs\":[\"https:\/\/www.instagram.com\/culinarebio\/\"]}]}<\/script>\n<!-- \/ Yoast SEO plugin. -->","yoast_head_json":{"title":"Mentions l\u00e9gales - Culinare Bio","robots":{"index":"index","follow":"follow","max-snippet":"max-snippet:-1","max-image-preview":"max-image-preview:large","max-video-preview":"max-video-preview:-1"},"canonical":"https:\/\/culinare.bio\/es\/notas-legales\/","og_locale":"es_ES","og_type":"article","og_title":"Mentions l\u00e9gales - Culinare Bio","og_description":"Mentions l\u00e9gales 1. Pr\u00e9sentation du site. En vertu de l&#8217;article 6 de la loi n\u00b0 2004-575 du 21 juin 2004 pour la confiance dans l&#8217;\u00e9conomie num\u00e9rique, il est pr\u00e9cis\u00e9 aux utilisateurs du site www.culinare.bio l&#8217;identit\u00e9 des diff\u00e9rents intervenants dans le cadre de sa r\u00e9alisation et de son suivi : Propri\u00e9taire : BONPLET \u2013 SARL 80386293700015 [&hellip;]","og_url":"https:\/\/culinare.bio\/es\/notas-legales\/","og_site_name":"Culinare Bio","article_modified_time":"2023-09-29T14:52:08+00:00","og_image":[{"width":1200,"height":675,"url":"https:\/\/mlfn8maxtp7f.i.optimole.com\/w:auto\/h:auto\/q:mauto\/g:sm\/f:best\/ig:avif\/https:\/\/culinare.bio\/wp-content\/uploads\/2023\/09\/culinare-thumb.jpg","type":"image\/jpeg"}],"twitter_card":"summary_large_image","twitter_misc":{"Tiempo de lectura":"8 minutos"},"schema":{"@context":"https:\/\/schema.org","@graph":[{"@type":"WebPage","@id":"https:\/\/culinare.bio\/mentions-legales\/","url":"https:\/\/culinare.bio\/mentions-legales\/","name":"Mentions l\u00e9gales - Culinare Bio","isPartOf":{"@id":"https:\/\/culinare.bio\/#website"},"datePublished":"2020-05-13T21:09:15+00:00","dateModified":"2023-09-29T14:52:08+00:00","breadcrumb":{"@id":"https:\/\/culinare.bio\/mentions-legales\/#breadcrumb"},"inLanguage":"es","potentialAction":[{"@type":"ReadAction","target":["https:\/\/culinare.bio\/mentions-legales\/"]}]},{"@type":"BreadcrumbList","@id":"https:\/\/culinare.bio\/mentions-legales\/#breadcrumb","itemListElement":[{"@type":"ListItem","position":1,"name":"Home","item":"https:\/\/culinare.bio\/"},{"@type":"ListItem","position":2,"name":"Mentions l\u00e9gales"}]},{"@type":"WebSite","@id":"https:\/\/culinare.bio\/#website","url":"https:\/\/culinare.bio\/","name":"Culinare Bio","description":"","publisher":{"@id":"https:\/\/culinare.bio\/#organization"},"potentialAction":[{"@type":"SearchAction","target":{"@type":"EntryPoint","urlTemplate":"https:\/\/culinare.bio\/?s={search_term_string}"},"query-input":{"@type":"PropertyValueSpecification","valueRequired":true,"valueName":"search_term_string"}}],"inLanguage":"es"},{"@type":"Organization","@id":"https:\/\/culinare.bio\/#organization","name":"Culinare Bio","url":"https:\/\/culinare.bio\/","logo":{"@type":"ImageObject","inLanguage":"es","@id":"https:\/\/culinare.bio\/#\/schema\/logo\/image\/","url":"https:\/\/mlfn8maxtp7f.i.optimole.com\/w:auto\/h:auto\/q:mauto\/g:sm\/f:best\/ig:avif\/https:\/\/culinare.bio\/wp-content\/uploads\/2020\/10\/cropped-Culinare-logo-noir-2-1.png","contentUrl":"https:\/\/mlfn8maxtp7f.i.optimole.com\/w:auto\/h:auto\/q:mauto\/g:sm\/f:best\/ig:avif\/https:\/\/culinare.bio\/wp-content\/uploads\/2020\/10\/cropped-Culinare-logo-noir-2-1.png","width":1586,"height":1584,"caption":"Culinare Bio"},"image":{"@id":"https:\/\/culinare.bio\/#\/schema\/logo\/image\/"},"sameAs":["https:\/\/www.instagram.com\/culinarebio\/"]}]}},"_links":{"self":[{"href":"https:\/\/culinare.bio\/es\/wp-json\/wp\/v2\/pages\/3"}],"collection":[{"href":"https:\/\/culinare.bio\/es\/wp-json\/wp\/v2\/pages"}],"about":[{"href":"https:\/\/culinare.bio\/es\/wp-json\/wp\/v2\/types\/page"}],"author":[{"embeddable":true,"href":"https:\/\/culinare.bio\/es\/wp-json\/wp\/v2\/users\/2"}],"replies":[{"embeddable":true,"href":"https:\/\/culinare.bio\/es\/wp-json\/wp\/v2\/comments?post=3"}],"version-history":[{"count":12,"href":"https:\/\/culinare.bio\/es\/wp-json\/wp\/v2\/pages\/3\/revisions"}],"predecessor-version":[{"id":1239,"href":"https:\/\/culinare.bio\/es\/wp-json\/wp\/v2\/pages\/3\/revisions\/1239"}],"wp:attachment":[{"href":"https:\/\/culinare.bio\/es\/wp-json\/wp\/v2\/media?parent=3"}],"curies":[{"name":"wp","href":"https:\/\/api.w.org\/{rel}","templated":true}]}}