{"id":1240,"date":"2023-09-29T16:52:55","date_gmt":"2023-09-29T14:52:55","guid":{"rendered":"https:\/\/culinare.bio\/?page_id=1240"},"modified":"2023-09-29T16:56:58","modified_gmt":"2023-09-29T14:56:58","slug":"politique-de-confidentialite","status":"publish","type":"page","link":"https:\/\/culinare.bio\/es\/politica-de-confidencialidad\/","title":{"rendered":"pol\u00edtica de confidencialidad"},"content":{"rendered":"<div data-elementor-type=\"wp-page\" data-elementor-id=\"1240\" class=\"elementor elementor-1240\" data-elementor-post-type=\"page\">\n\t\t\t\t\t\t<section class=\"elementor-section elementor-top-section elementor-element elementor-element-95b60e3 elementor-section-boxed elementor-section-height-default elementor-section-height-default\" data-id=\"95b60e3\" data-element_type=\"section\">\n\t\t\t\t\t\t<div class=\"elementor-container elementor-column-gap-wide\">\n\t\t\t\t\t<div class=\"elementor-column elementor-col-100 elementor-top-column elementor-element elementor-element-0343070\" data-id=\"0343070\" data-element_type=\"column\">\n\t\t\t<div class=\"elementor-widget-wrap elementor-element-populated\">\n\t\t\t\t\t\t<div class=\"elementor-element elementor-element-5da9559 elementor-widget elementor-widget-heading\" data-id=\"5da9559\" data-element_type=\"widget\" data-widget_type=\"heading.default\">\n\t\t\t\t<div class=\"elementor-widget-container\">\n\t\t\t\t\t<h1 class=\"elementor-heading-title elementor-size-default\">Confidencialidad<\/h1>\t\t\t\t<\/div>\n\t\t\t\t<\/div>\n\t\t\t\t<div class=\"elementor-element elementor-element-e2bacef elementor-widget-divider--separator-type-pattern elementor-widget-divider--view-line elementor-widget elementor-widget-divider\" data-id=\"e2bacef\" data-element_type=\"widget\" data-widget_type=\"divider.default\">\n\t\t\t\t<div class=\"elementor-widget-container\">\n\t\t\t\t\t\t\t<div class=\"elementor-divider\" style=\"--divider-pattern-url: url(&quot;data:image\/svg+xml,%3Csvg xmlns=&#039;http:\/\/www.w3.org\/2000\/svg&#039; preserveAspectRatio=&#039;none&#039; overflow=&#039;visible&#039; height=&#039;100%&#039; viewBox=&#039;0 0 24 24&#039; fill=&#039;none&#039; stroke=&#039;black&#039; stroke-width=&#039;4&#039; stroke-linecap=&#039;square&#039; stroke-miterlimit=&#039;10&#039;%3E%3Cpath d=&#039;M0,6c6,0,6,13,12,13S18,6,24,6&#039;\/%3E%3C\/svg%3E&quot;);\">\n\t\t\t<span class=\"elementor-divider-separator\">\n\t\t\t\t\t\t<\/span>\n\t\t<\/div>\n\t\t\t\t\t\t<\/div>\n\t\t\t\t<\/div>\n\t\t\t\t<div class=\"elementor-element elementor-element-ee5fa2f elementor-widget elementor-widget-text-editor\" data-id=\"ee5fa2f\" data-element_type=\"widget\" data-widget_type=\"text-editor.default\">\n\t\t\t\t<div class=\"elementor-widget-container\">\n\t\t\t\t\t\t\t\t\t<div class=\"w-full border-b border-black\/10 dark:border-gray-900\/50 text-gray-800 dark:text-gray-100 group bg-gray-50 dark:bg-[#444654]\"><div class=\"text-base gap-4 md:gap-6 m-auto md:max-w-2xl lg:max-w-2xl xl:max-w-3xl p-4 md:py-6 flex lg:px-0\"><div class=\"relative flex w-[calc(100%-50px)] md:flex-col lg:w-[calc(100%-115px)]\"><div class=\"flex flex-grow flex-col gap-3\"><div class=\"min-h-[20px] flex flex-col items-start gap-4 whitespace-pre-wrap\"><div class=\"markdown prose w-full break-words dark:prose-invert light\"><p>Nuestra empresa est\u00e1 comprometida a proteger su privacidad. Esta pol\u00edtica de privacidad se aplica a toda la informaci\u00f3n que recopilamos en nuestro sitio web y a todas las interacciones que tenemos con usted.<\/p><h3><strong>Recopilaci\u00f3n de informaci\u00f3n<\/strong><\/h3><p>Recopilamos informaci\u00f3n sobre usted cuando se registra en nuestro sitio, realiza una compra, completa un formulario o se comunica con nosotros. La informaci\u00f3n que recopilamos puede incluir su nombre, direcci\u00f3n de correo electr\u00f3nico, n\u00famero de tel\u00e9fono y direcci\u00f3n postal.<\/p><h3><strong>Uso de la informaci\u00f3n<\/strong><\/h3><p>Utilizamos la informaci\u00f3n que recopilamos con fines de marketing, gesti\u00f3n de relaciones con los clientes y para personalizar su experiencia en nuestro sitio web. Tambi\u00e9n podemos utilizar esta informaci\u00f3n para comunicarnos con usted y responder a sus solicitudes de soporte.<\/p><h3><strong>El intercambio de informaci\u00f3n<\/strong><\/h3><p>No vendemos, comercializamos ni transferimos su informaci\u00f3n personal a terceros para sus fines de marketing. Sin embargo, podemos compartir su informaci\u00f3n con nuestros socios de confianza que brindan servicios en nuestro nombre, como entregar productos o ejecutar campa\u00f1as de marketing. Estos terceros tienen acceso a la informaci\u00f3n necesaria para llevar a cabo su misi\u00f3n, pero est\u00e1n obligados a no utilizar esta informaci\u00f3n para ning\u00fan otro prop\u00f3sito.<\/p><h3><strong>Protecci\u00f3n de la informaci\u00f3n<\/strong><\/h3><p>Tomamos medidas de seguridad razonables para proteger su informaci\u00f3n contra p\u00e9rdida, mal uso y acceso no autorizado. Tambi\u00e9n utilizamos medidas de seguridad para proteger su informaci\u00f3n cuando transmitimos datos a nuestro sitio.<\/p><h3><strong>Galletas<\/strong><\/h3><p>Utilizamos cookies para mejorar su experiencia en nuestro sitio web y para realizar un seguimiento del uso de nuestro sitio. Una cookie es un peque\u00f1o archivo de datos que se almacena en su computadora cuando visita un sitio web. Puede configurar su navegador para rechazar cookies, pero esto puede afectar su uso de nuestro sitio.<\/p><h3><strong>Enlaces a otros sitios<\/strong><\/h3><p>Nuestro sitio puede contener enlaces a otros sitios que no est\u00e1n bajo nuestro control. No somos responsables de las pr\u00e1cticas de privacidad de estos sitios. Le recomendamos que lea las pol\u00edticas de privacidad de estos sitios antes de enviar su informaci\u00f3n personal.<\/p><\/div><\/div><\/div><\/div><\/div><\/div><div class=\"w-full border-b border-black\/10 dark:border-gray-900\/50 text-gray-800 dark:text-gray-100 group bg-gray-50 dark:bg-[#444654]\"><div class=\"text-base gap-4 md:gap-6 m-auto md:max-w-2xl lg:max-w-2xl xl:max-w-3xl p-4 md:py-6 flex lg:px-0\"><div class=\"relative flex w-[calc(100%-50px)] md:flex-col lg:w-[calc(100%-115px)]\"><div class=\"flex flex-grow flex-col gap-3\"><div class=\"min-h-[20px] flex flex-col items-start gap-4 whitespace-pre-wrap\"><div class=\"markdown prose w-full break-words dark:prose-invert light\"><h3><strong>Notificaci\u00f3n de cambios<\/strong><\/h3><p>Si decidimos cambiar nuestra pol\u00edtica de privacidad, publicaremos esos cambios en esta p\u00e1gina para que siempre est\u00e9 al tanto de qu\u00e9 informaci\u00f3n recopilamos, c\u00f3mo la usamos y bajo qu\u00e9 circunstancias la divulgamos.<\/p><h3><strong>Consentir<\/strong><\/h3><p>Al utilizar nuestro sitio, usted acepta nuestra pol\u00edtica de privacidad.<\/p><h3><strong>Cont\u00e1ctenos<\/strong><\/h3><p>Si tiene alguna pregunta sobre nuestra pol\u00edtica de privacidad, no dude en\u00a0<a href=\"https:\/\/culinare.bio\/es\/contactar\/\">Cont\u00e1ctenos<\/a>.<\/p><\/div><\/div><\/div><\/div><\/div><\/div>\t\t\t\t\t\t\t\t<\/div>\n\t\t\t\t<\/div>\n\t\t\t\t\t<\/div>\n\t\t<\/div>\n\t\t\t\t\t<\/div>\n\t\t<\/section>\n\t\t\t\t<\/div>","protected":false},"excerpt":{"rendered":"<p>Confidentialit\u00e9 Notre entreprise s\u2019engage \u00e0 prot\u00e9ger votre vie priv\u00e9e. Cette politique de confidentialit\u00e9 s\u2019applique \u00e0 toutes les informations que nous collectons sur notre site web et \u00e0 toutes les interactions que nous avons avec vous. Collecte d\u2019informations Nous collectons des informations sur vous lorsque vous vous inscrivez sur notre site, effectuez un achat, remplissez un [&hellip;]<\/p>","protected":false},"author":2,"featured_media":0,"parent":0,"menu_order":0,"comment_status":"closed","ping_status":"open","template":"elementor_header_footer","meta":{"footnotes":""},"yoast_head":"<!-- This site is optimized with the Yoast SEO plugin v24.5 - https:\/\/yoast.com\/wordpress\/plugins\/seo\/ -->\n<title>Politique de confidentialit\u00e9 - Culinare Bio<\/title>\n<meta name=\"robots\" content=\"index, follow, max-snippet:-1, max-image-preview:large, max-video-preview:-1\" \/>\n<link rel=\"canonical\" href=\"https:\/\/culinare.bio\/es\/politica-de-confidencialidad\/\" \/>\n<meta property=\"og:locale\" content=\"es_ES\" \/>\n<meta property=\"og:type\" content=\"article\" \/>\n<meta property=\"og:title\" content=\"Politique de confidentialit\u00e9 - Culinare Bio\" \/>\n<meta property=\"og:description\" content=\"Confidentialit\u00e9 Notre entreprise s\u2019engage \u00e0 prot\u00e9ger votre vie priv\u00e9e. Cette politique de confidentialit\u00e9 s\u2019applique \u00e0 toutes les informations que nous collectons sur notre site web et \u00e0 toutes les interactions que nous avons avec vous. Collecte d\u2019informations Nous collectons des informations sur vous lorsque vous vous inscrivez sur notre site, effectuez un achat, remplissez un [&hellip;]\" \/>\n<meta property=\"og:url\" content=\"https:\/\/culinare.bio\/es\/politica-de-confidencialidad\/\" \/>\n<meta property=\"og:site_name\" content=\"Culinare Bio\" \/>\n<meta property=\"article:modified_time\" content=\"2023-09-29T14:56:58+00:00\" \/>\n<meta property=\"og:image\" content=\"https:\/\/mlfn8maxtp7f.i.optimole.com\/w:auto\/h:auto\/q:mauto\/g:sm\/f:best\/ig:avif\/https:\/\/culinare.bio\/wp-content\/uploads\/2023\/09\/culinare-thumb.jpg\" \/>\n\t<meta property=\"og:image:width\" content=\"1200\" \/>\n\t<meta property=\"og:image:height\" content=\"675\" \/>\n\t<meta property=\"og:image:type\" content=\"image\/jpeg\" \/>\n<meta name=\"twitter:card\" content=\"summary_large_image\" \/>\n<meta name=\"twitter:label1\" content=\"Tiempo de lectura\" \/>\n\t<meta name=\"twitter:data1\" content=\"3 minutos\" \/>\n<script type=\"application\/ld+json\" class=\"yoast-schema-graph\">{\"@context\":\"https:\/\/schema.org\",\"@graph\":[{\"@type\":\"WebPage\",\"@id\":\"https:\/\/culinare.bio\/politique-de-confidentialite\/\",\"url\":\"https:\/\/culinare.bio\/politique-de-confidentialite\/\",\"name\":\"Politique de confidentialit\u00e9 - Culinare Bio\",\"isPartOf\":{\"@id\":\"https:\/\/culinare.bio\/#website\"},\"datePublished\":\"2023-09-29T14:52:55+00:00\",\"dateModified\":\"2023-09-29T14:56:58+00:00\",\"breadcrumb\":{\"@id\":\"https:\/\/culinare.bio\/politique-de-confidentialite\/#breadcrumb\"},\"inLanguage\":\"es\",\"potentialAction\":[{\"@type\":\"ReadAction\",\"target\":[\"https:\/\/culinare.bio\/politique-de-confidentialite\/\"]}]},{\"@type\":\"BreadcrumbList\",\"@id\":\"https:\/\/culinare.bio\/politique-de-confidentialite\/#breadcrumb\",\"itemListElement\":[{\"@type\":\"ListItem\",\"position\":1,\"name\":\"Home\",\"item\":\"https:\/\/culinare.bio\/\"},{\"@type\":\"ListItem\",\"position\":2,\"name\":\"Politique de confidentialit\u00e9\"}]},{\"@type\":\"WebSite\",\"@id\":\"https:\/\/culinare.bio\/#website\",\"url\":\"https:\/\/culinare.bio\/\",\"name\":\"Culinare Bio\",\"description\":\"\",\"publisher\":{\"@id\":\"https:\/\/culinare.bio\/#organization\"},\"potentialAction\":[{\"@type\":\"SearchAction\",\"target\":{\"@type\":\"EntryPoint\",\"urlTemplate\":\"https:\/\/culinare.bio\/?s={search_term_string}\"},\"query-input\":{\"@type\":\"PropertyValueSpecification\",\"valueRequired\":true,\"valueName\":\"search_term_string\"}}],\"inLanguage\":\"es\"},{\"@type\":\"Organization\",\"@id\":\"https:\/\/culinare.bio\/#organization\",\"name\":\"Culinare Bio\",\"url\":\"https:\/\/culinare.bio\/\",\"logo\":{\"@type\":\"ImageObject\",\"inLanguage\":\"es\",\"@id\":\"https:\/\/culinare.bio\/#\/schema\/logo\/image\/\",\"url\":\"https:\/\/mlfn8maxtp7f.i.optimole.com\/w:auto\/h:auto\/q:mauto\/g:sm\/f:best\/ig:avif\/https:\/\/culinare.bio\/wp-content\/uploads\/2020\/10\/cropped-Culinare-logo-noir-2-1.png\",\"contentUrl\":\"https:\/\/mlfn8maxtp7f.i.optimole.com\/w:auto\/h:auto\/q:mauto\/g:sm\/f:best\/ig:avif\/https:\/\/culinare.bio\/wp-content\/uploads\/2020\/10\/cropped-Culinare-logo-noir-2-1.png\",\"width\":1586,\"height\":1584,\"caption\":\"Culinare Bio\"},\"image\":{\"@id\":\"https:\/\/culinare.bio\/#\/schema\/logo\/image\/\"},\"sameAs\":[\"https:\/\/www.instagram.com\/culinarebio\/\"]}]}<\/script>\n<!-- \/ Yoast SEO plugin. -->","yoast_head_json":{"title":"Politique de confidentialit\u00e9 - Culinare Bio","robots":{"index":"index","follow":"follow","max-snippet":"max-snippet:-1","max-image-preview":"max-image-preview:large","max-video-preview":"max-video-preview:-1"},"canonical":"https:\/\/culinare.bio\/es\/politica-de-confidencialidad\/","og_locale":"es_ES","og_type":"article","og_title":"Politique de confidentialit\u00e9 - Culinare Bio","og_description":"Confidentialit\u00e9 Notre entreprise s\u2019engage \u00e0 prot\u00e9ger votre vie priv\u00e9e. Cette politique de confidentialit\u00e9 s\u2019applique \u00e0 toutes les informations que nous collectons sur notre site web et \u00e0 toutes les interactions que nous avons avec vous. Collecte d\u2019informations Nous collectons des informations sur vous lorsque vous vous inscrivez sur notre site, effectuez un achat, remplissez un [&hellip;]","og_url":"https:\/\/culinare.bio\/es\/politica-de-confidencialidad\/","og_site_name":"Culinare Bio","article_modified_time":"2023-09-29T14:56:58+00:00","og_image":[{"width":1200,"height":675,"url":"https:\/\/mlfn8maxtp7f.i.optimole.com\/w:auto\/h:auto\/q:mauto\/g:sm\/f:best\/ig:avif\/https:\/\/culinare.bio\/wp-content\/uploads\/2023\/09\/culinare-thumb.jpg","type":"image\/jpeg"}],"twitter_card":"summary_large_image","twitter_misc":{"Tiempo de lectura":"3 minutos"},"schema":{"@context":"https:\/\/schema.org","@graph":[{"@type":"WebPage","@id":"https:\/\/culinare.bio\/politique-de-confidentialite\/","url":"https:\/\/culinare.bio\/politique-de-confidentialite\/","name":"Politique de confidentialit\u00e9 - Culinare Bio","isPartOf":{"@id":"https:\/\/culinare.bio\/#website"},"datePublished":"2023-09-29T14:52:55+00:00","dateModified":"2023-09-29T14:56:58+00:00","breadcrumb":{"@id":"https:\/\/culinare.bio\/politique-de-confidentialite\/#breadcrumb"},"inLanguage":"es","potentialAction":[{"@type":"ReadAction","target":["https:\/\/culinare.bio\/politique-de-confidentialite\/"]}]},{"@type":"BreadcrumbList","@id":"https:\/\/culinare.bio\/politique-de-confidentialite\/#breadcrumb","itemListElement":[{"@type":"ListItem","position":1,"name":"Home","item":"https:\/\/culinare.bio\/"},{"@type":"ListItem","position":2,"name":"Politique de confidentialit\u00e9"}]},{"@type":"WebSite","@id":"https:\/\/culinare.bio\/#website","url":"https:\/\/culinare.bio\/","name":"Culinare Bio","description":"","publisher":{"@id":"https:\/\/culinare.bio\/#organization"},"potentialAction":[{"@type":"SearchAction","target":{"@type":"EntryPoint","urlTemplate":"https:\/\/culinare.bio\/?s={search_term_string}"},"query-input":{"@type":"PropertyValueSpecification","valueRequired":true,"valueName":"search_term_string"}}],"inLanguage":"es"},{"@type":"Organization","@id":"https:\/\/culinare.bio\/#organization","name":"Culinare Bio","url":"https:\/\/culinare.bio\/","logo":{"@type":"ImageObject","inLanguage":"es","@id":"https:\/\/culinare.bio\/#\/schema\/logo\/image\/","url":"https:\/\/mlfn8maxtp7f.i.optimole.com\/w:auto\/h:auto\/q:mauto\/g:sm\/f:best\/ig:avif\/https:\/\/culinare.bio\/wp-content\/uploads\/2020\/10\/cropped-Culinare-logo-noir-2-1.png","contentUrl":"https:\/\/mlfn8maxtp7f.i.optimole.com\/w:auto\/h:auto\/q:mauto\/g:sm\/f:best\/ig:avif\/https:\/\/culinare.bio\/wp-content\/uploads\/2020\/10\/cropped-Culinare-logo-noir-2-1.png","width":1586,"height":1584,"caption":"Culinare Bio"},"image":{"@id":"https:\/\/culinare.bio\/#\/schema\/logo\/image\/"},"sameAs":["https:\/\/www.instagram.com\/culinarebio\/"]}]}},"_links":{"self":[{"href":"https:\/\/culinare.bio\/es\/wp-json\/wp\/v2\/pages\/1240"}],"collection":[{"href":"https:\/\/culinare.bio\/es\/wp-json\/wp\/v2\/pages"}],"about":[{"href":"https:\/\/culinare.bio\/es\/wp-json\/wp\/v2\/types\/page"}],"author":[{"embeddable":true,"href":"https:\/\/culinare.bio\/es\/wp-json\/wp\/v2\/users\/2"}],"replies":[{"embeddable":true,"href":"https:\/\/culinare.bio\/es\/wp-json\/wp\/v2\/comments?post=1240"}],"version-history":[{"count":4,"href":"https:\/\/culinare.bio\/es\/wp-json\/wp\/v2\/pages\/1240\/revisions"}],"predecessor-version":[{"id":1244,"href":"https:\/\/culinare.bio\/es\/wp-json\/wp\/v2\/pages\/1240\/revisions\/1244"}],"wp:attachment":[{"href":"https:\/\/culinare.bio\/es\/wp-json\/wp\/v2\/media?parent=1240"}],"curies":[{"name":"wp","href":"https:\/\/api.w.org\/{rel}","templated":true}]}}