{"id":1240,"date":"2023-09-29T16:52:55","date_gmt":"2023-09-29T14:52:55","guid":{"rendered":"https:\/\/culinare.bio\/?page_id=1240"},"modified":"2023-09-29T16:56:58","modified_gmt":"2023-09-29T14:56:58","slug":"politique-de-confidentialite","status":"publish","type":"page","link":"http:\/\/culinare.bio\/nl\/privacybeleid\/","title":{"rendered":"Privacybeleid"},"content":{"rendered":"<div data-elementor-type=\"wp-page\" data-elementor-id=\"1240\" class=\"elementor elementor-1240\" data-elementor-post-type=\"page\">\n\t\t\t\t\t\t<section class=\"elementor-section elementor-top-section elementor-element elementor-element-95b60e3 elementor-section-boxed elementor-section-height-default elementor-section-height-default\" data-id=\"95b60e3\" data-element_type=\"section\">\n\t\t\t\t\t\t<div class=\"elementor-container elementor-column-gap-wide\">\n\t\t\t\t\t<div class=\"elementor-column elementor-col-100 elementor-top-column elementor-element elementor-element-0343070\" data-id=\"0343070\" data-element_type=\"column\">\n\t\t\t<div class=\"elementor-widget-wrap elementor-element-populated\">\n\t\t\t\t\t\t<div class=\"elementor-element elementor-element-5da9559 elementor-widget elementor-widget-heading\" data-id=\"5da9559\" data-element_type=\"widget\" data-widget_type=\"heading.default\">\n\t\t\t\t<div class=\"elementor-widget-container\">\n\t\t\t\t\t<h1 class=\"elementor-heading-title elementor-size-default\">Vertrouwelijkheid<\/h1>\t\t\t\t<\/div>\n\t\t\t\t<\/div>\n\t\t\t\t<div class=\"elementor-element elementor-element-e2bacef elementor-widget-divider--separator-type-pattern elementor-widget-divider--view-line elementor-widget elementor-widget-divider\" data-id=\"e2bacef\" data-element_type=\"widget\" data-widget_type=\"divider.default\">\n\t\t\t\t<div class=\"elementor-widget-container\">\n\t\t\t\t\t\t\t<div class=\"elementor-divider\" style=\"--divider-pattern-url: url(&quot;data:image\/svg+xml,%3Csvg xmlns=&#039;http:\/\/www.w3.org\/2000\/svg&#039; preserveAspectRatio=&#039;none&#039; overflow=&#039;visible&#039; height=&#039;100%&#039; viewBox=&#039;0 0 24 24&#039; fill=&#039;none&#039; stroke=&#039;black&#039; stroke-width=&#039;4&#039; stroke-linecap=&#039;square&#039; stroke-miterlimit=&#039;10&#039;%3E%3Cpath d=&#039;M0,6c6,0,6,13,12,13S18,6,24,6&#039;\/%3E%3C\/svg%3E&quot;);\">\n\t\t\t<span class=\"elementor-divider-separator\">\n\t\t\t\t\t\t<\/span>\n\t\t<\/div>\n\t\t\t\t\t\t<\/div>\n\t\t\t\t<\/div>\n\t\t\t\t<div class=\"elementor-element elementor-element-ee5fa2f elementor-widget elementor-widget-text-editor\" data-id=\"ee5fa2f\" data-element_type=\"widget\" data-widget_type=\"text-editor.default\">\n\t\t\t\t<div class=\"elementor-widget-container\">\n\t\t\t\t\t\t\t\t\t<div class=\"w-full border-b border-black\/10 dark:border-gray-900\/50 text-gray-800 dark:text-gray-100 group bg-gray-50 dark:bg-[#444654]\"><div class=\"text-base gap-4 md:gap-6 m-auto md:max-w-2xl lg:max-w-2xl xl:max-w-3xl p-4 md:py-6 flex lg:px-0\"><div class=\"relative flex w-[calc(100%-50px)] md:flex-col lg:w-[calc(100%-115px)]\"><div class=\"flex flex-grow flex-col gap-3\"><div class=\"min-h-[20px] flex flex-col items-start gap-4 whitespace-pre-wrap\"><div class=\"markdown prose w-full break-words dark:prose-invert light\"><p>Ons bedrijf doet er alles aan om uw privacy te beschermen. Dit privacybeleid is van toepassing op alle informatie die we op onze website verzamelen en op alle interacties die we met u hebben.<\/p><h3><strong>Informatie verzameling<\/strong><\/h3><p>Wij verzamelen informatie over u wanneer u zich registreert op onze site, een aankoop doet, een formulier invult of met ons communiceert. De informatie die wij verzamelen kan uw naam, e-mailadres, telefoonnummer en postadres omvatten.<\/p><h3><strong>Gebruik van informatie<\/strong><\/h3><p>We gebruiken de informatie die we verzamelen voor marketingdoeleinden, klantrelatiebeheer en om uw ervaring op onze website te personaliseren. We kunnen deze informatie ook gebruiken om contact met u op te nemen en op uw ondersteuningsverzoeken te reageren.<\/p><h3><strong>Informatie delen<\/strong><\/h3><p>Wij verkopen, verhandelen of dragen uw persoonlijke gegevens niet over aan derden voor hun marketingdoeleinden. We kunnen uw gegevens echter delen met onze vertrouwde partners die namens ons diensten verlenen, zoals het leveren van producten of het uitvoeren van marketingcampagnes. Deze derden hebben toegang tot de informatie die nodig is om hun opdracht uit te voeren, maar zijn verplicht deze informatie voor geen enkel ander doel te gebruiken.<\/p><h3><strong>Informatiebescherming<\/strong><\/h3><p>Wij nemen redelijke beveiligingsmaatregelen om uw gegevens te beschermen tegen verlies, misbruik en ongeoorloofde toegang. We gebruiken ook veiligheidsmaatregelen om uw informatie te beschermen bij het verzenden van gegevens naar onze site.<\/p><h3><strong>Koekjes<\/strong><\/h3><p>Wij gebruiken cookies om uw ervaring op onze website te verbeteren en om het gebruik van onze site bij te houden. Een cookie is een klein gegevensbestand dat op uw computer wordt opgeslagen wanneer u een website bezoekt. U kunt uw browser configureren om cookies te weigeren, maar dit kan uw gebruik van onze site be\u00efnvloeden.<\/p><h3><strong>Links naar andere sites<\/strong><\/h3><p>Onze site kan links bevatten naar andere sites die niet onder onze controle staan. Wij zijn niet verantwoordelijk voor het privacybeleid van deze sites. Wij raden u aan het privacybeleid van deze sites te lezen voordat u uw persoonlijke gegevens indient.<\/p><\/div><\/div><\/div><\/div><\/div><\/div><div class=\"w-full border-b border-black\/10 dark:border-gray-900\/50 text-gray-800 dark:text-gray-100 group bg-gray-50 dark:bg-[#444654]\"><div class=\"text-base gap-4 md:gap-6 m-auto md:max-w-2xl lg:max-w-2xl xl:max-w-3xl p-4 md:py-6 flex lg:px-0\"><div class=\"relative flex w-[calc(100%-50px)] md:flex-col lg:w-[calc(100%-115px)]\"><div class=\"flex flex-grow flex-col gap-3\"><div class=\"min-h-[20px] flex flex-col items-start gap-4 whitespace-pre-wrap\"><div class=\"markdown prose w-full break-words dark:prose-invert light\"><h3><strong>Kennisgeving van wijzigingen<\/strong><\/h3><p>Als we besluiten ons privacybeleid te wijzigen, zullen we die wijzigingen op deze pagina publiceren, zodat u altijd op de hoogte bent van welke informatie we verzamelen, hoe we deze gebruiken en onder welke omstandigheden we deze openbaar maken.<\/p><h3><strong>Toestemming<\/strong><\/h3><p>Door onze site te gebruiken, gaat u akkoord met ons privacybeleid.<\/p><h3><strong>Neem contact met ons op<\/strong><\/h3><p>Als u vragen heeft over ons privacybeleid, aarzel dan niet om deze te stellen\u00a0<a href=\"http:\/\/culinare.bio\/nl\/contact\/\">Neem contact met ons op<\/a>.<\/p><\/div><\/div><\/div><\/div><\/div><\/div>\t\t\t\t\t\t\t\t<\/div>\n\t\t\t\t<\/div>\n\t\t\t\t\t<\/div>\n\t\t<\/div>\n\t\t\t\t\t<\/div>\n\t\t<\/section>\n\t\t\t\t<\/div>","protected":false},"excerpt":{"rendered":"<p>Privacy Ons bedrijf doet er alles aan om uw privacy te beschermen. Dit privacybeleid is van toepassing op alle informatie die we op onze website verzamelen en op alle interacties die we met u hebben. Verzameling van informatie We verzamelen informatie over u wanneer u zich registreert op onze site, een aankoop doet, een [\u2026]<\/p>","protected":false},"author":2,"featured_media":0,"parent":0,"menu_order":0,"comment_status":"closed","ping_status":"open","template":"elementor_header_footer","meta":{"footnotes":""},"yoast_head":"<!-- This site is optimized with the Yoast SEO plugin v24.5 - https:\/\/yoast.com\/wordpress\/plugins\/seo\/ -->\n<title>Politique de confidentialit\u00e9 - Culinare Bio<\/title>\n<meta name=\"robots\" content=\"index, follow, max-snippet:-1, max-image-preview:large, max-video-preview:-1\" \/>\n<link rel=\"canonical\" href=\"http:\/\/culinare.bio\/nl\/privacybeleid\/\" \/>\n<meta property=\"og:locale\" content=\"nl_NL\" \/>\n<meta property=\"og:type\" content=\"article\" \/>\n<meta property=\"og:title\" content=\"Politique de confidentialit\u00e9 - Culinare Bio\" \/>\n<meta property=\"og:description\" content=\"Confidentialit\u00e9 Notre entreprise s\u2019engage \u00e0 prot\u00e9ger votre vie priv\u00e9e. Cette politique de confidentialit\u00e9 s\u2019applique \u00e0 toutes les informations que nous collectons sur notre site web et \u00e0 toutes les interactions que nous avons avec vous. Collecte d\u2019informations Nous collectons des informations sur vous lorsque vous vous inscrivez sur notre site, effectuez un achat, remplissez un [&hellip;]\" \/>\n<meta property=\"og:url\" content=\"http:\/\/culinare.bio\/nl\/privacybeleid\/\" \/>\n<meta property=\"og:site_name\" content=\"Culinare Bio\" \/>\n<meta property=\"article:modified_time\" content=\"2023-09-29T14:56:58+00:00\" \/>\n<meta property=\"og:image\" content=\"https:\/\/mlfn8maxtp7f.i.optimole.com\/w:auto\/h:auto\/q:mauto\/g:sm\/f:best\/ig:avif\/https:\/\/culinare.bio\/wp-content\/uploads\/2023\/09\/culinare-thumb.jpg\" \/>\n\t<meta property=\"og:image:width\" content=\"1200\" \/>\n\t<meta property=\"og:image:height\" content=\"675\" \/>\n\t<meta property=\"og:image:type\" content=\"image\/jpeg\" \/>\n<meta name=\"twitter:card\" content=\"summary_large_image\" \/>\n<meta name=\"twitter:label1\" content=\"Geschatte leestijd\" \/>\n\t<meta name=\"twitter:data1\" content=\"3 minuten\" \/>\n<script type=\"application\/ld+json\" class=\"yoast-schema-graph\">{\"@context\":\"https:\/\/schema.org\",\"@graph\":[{\"@type\":\"WebPage\",\"@id\":\"https:\/\/culinare.bio\/politique-de-confidentialite\/\",\"url\":\"https:\/\/culinare.bio\/politique-de-confidentialite\/\",\"name\":\"Politique de confidentialit\u00e9 - Culinare Bio\",\"isPartOf\":{\"@id\":\"https:\/\/culinare.bio\/#website\"},\"datePublished\":\"2023-09-29T14:52:55+00:00\",\"dateModified\":\"2023-09-29T14:56:58+00:00\",\"breadcrumb\":{\"@id\":\"https:\/\/culinare.bio\/politique-de-confidentialite\/#breadcrumb\"},\"inLanguage\":\"nl-NL\",\"potentialAction\":[{\"@type\":\"ReadAction\",\"target\":[\"https:\/\/culinare.bio\/politique-de-confidentialite\/\"]}]},{\"@type\":\"BreadcrumbList\",\"@id\":\"https:\/\/culinare.bio\/politique-de-confidentialite\/#breadcrumb\",\"itemListElement\":[{\"@type\":\"ListItem\",\"position\":1,\"name\":\"Home\",\"item\":\"https:\/\/culinare.bio\/\"},{\"@type\":\"ListItem\",\"position\":2,\"name\":\"Politique de confidentialit\u00e9\"}]},{\"@type\":\"WebSite\",\"@id\":\"https:\/\/culinare.bio\/#website\",\"url\":\"https:\/\/culinare.bio\/\",\"name\":\"Culinare Bio\",\"description\":\"\",\"publisher\":{\"@id\":\"https:\/\/culinare.bio\/#organization\"},\"potentialAction\":[{\"@type\":\"SearchAction\",\"target\":{\"@type\":\"EntryPoint\",\"urlTemplate\":\"https:\/\/culinare.bio\/?s={search_term_string}\"},\"query-input\":{\"@type\":\"PropertyValueSpecification\",\"valueRequired\":true,\"valueName\":\"search_term_string\"}}],\"inLanguage\":\"nl-NL\"},{\"@type\":\"Organization\",\"@id\":\"https:\/\/culinare.bio\/#organization\",\"name\":\"Culinare Bio\",\"url\":\"https:\/\/culinare.bio\/\",\"logo\":{\"@type\":\"ImageObject\",\"inLanguage\":\"nl-NL\",\"@id\":\"https:\/\/culinare.bio\/#\/schema\/logo\/image\/\",\"url\":\"https:\/\/mlfn8maxtp7f.i.optimole.com\/w:auto\/h:auto\/q:mauto\/g:sm\/f:best\/ig:avif\/https:\/\/culinare.bio\/wp-content\/uploads\/2020\/10\/cropped-Culinare-logo-noir-2-1.png\",\"contentUrl\":\"https:\/\/mlfn8maxtp7f.i.optimole.com\/w:auto\/h:auto\/q:mauto\/g:sm\/f:best\/ig:avif\/https:\/\/culinare.bio\/wp-content\/uploads\/2020\/10\/cropped-Culinare-logo-noir-2-1.png\",\"width\":1586,\"height\":1584,\"caption\":\"Culinare Bio\"},\"image\":{\"@id\":\"https:\/\/culinare.bio\/#\/schema\/logo\/image\/\"},\"sameAs\":[\"https:\/\/www.instagram.com\/culinarebio\/\"]}]}<\/script>\n<!-- \/ Yoast SEO plugin. -->","yoast_head_json":{"title":"Politique de confidentialit\u00e9 - Culinare Bio","robots":{"index":"index","follow":"follow","max-snippet":"max-snippet:-1","max-image-preview":"max-image-preview:large","max-video-preview":"max-video-preview:-1"},"canonical":"http:\/\/culinare.bio\/nl\/privacybeleid\/","og_locale":"nl_NL","og_type":"article","og_title":"Politique de confidentialit\u00e9 - Culinare Bio","og_description":"Confidentialit\u00e9 Notre entreprise s\u2019engage \u00e0 prot\u00e9ger votre vie priv\u00e9e. Cette politique de confidentialit\u00e9 s\u2019applique \u00e0 toutes les informations que nous collectons sur notre site web et \u00e0 toutes les interactions que nous avons avec vous. Collecte d\u2019informations Nous collectons des informations sur vous lorsque vous vous inscrivez sur notre site, effectuez un achat, remplissez un [&hellip;]","og_url":"http:\/\/culinare.bio\/nl\/privacybeleid\/","og_site_name":"Culinare Bio","article_modified_time":"2023-09-29T14:56:58+00:00","og_image":[{"width":1200,"height":675,"url":"https:\/\/mlfn8maxtp7f.i.optimole.com\/w:auto\/h:auto\/q:mauto\/g:sm\/f:best\/ig:avif\/https:\/\/culinare.bio\/wp-content\/uploads\/2023\/09\/culinare-thumb.jpg","type":"image\/jpeg"}],"twitter_card":"summary_large_image","twitter_misc":{"Geschatte leestijd":"3 minuten"},"schema":{"@context":"https:\/\/schema.org","@graph":[{"@type":"WebPage","@id":"https:\/\/culinare.bio\/politique-de-confidentialite\/","url":"https:\/\/culinare.bio\/politique-de-confidentialite\/","name":"Politique de confidentialit\u00e9 - Culinare Bio","isPartOf":{"@id":"https:\/\/culinare.bio\/#website"},"datePublished":"2023-09-29T14:52:55+00:00","dateModified":"2023-09-29T14:56:58+00:00","breadcrumb":{"@id":"https:\/\/culinare.bio\/politique-de-confidentialite\/#breadcrumb"},"inLanguage":"nl-NL","potentialAction":[{"@type":"ReadAction","target":["https:\/\/culinare.bio\/politique-de-confidentialite\/"]}]},{"@type":"BreadcrumbList","@id":"https:\/\/culinare.bio\/politique-de-confidentialite\/#breadcrumb","itemListElement":[{"@type":"ListItem","position":1,"name":"Home","item":"https:\/\/culinare.bio\/"},{"@type":"ListItem","position":2,"name":"Politique de confidentialit\u00e9"}]},{"@type":"WebSite","@id":"https:\/\/culinare.bio\/#website","url":"https:\/\/culinare.bio\/","name":"Culinare Bio","description":"","publisher":{"@id":"https:\/\/culinare.bio\/#organization"},"potentialAction":[{"@type":"SearchAction","target":{"@type":"EntryPoint","urlTemplate":"https:\/\/culinare.bio\/?s={search_term_string}"},"query-input":{"@type":"PropertyValueSpecification","valueRequired":true,"valueName":"search_term_string"}}],"inLanguage":"nl-NL"},{"@type":"Organization","@id":"https:\/\/culinare.bio\/#organization","name":"Culinare Bio","url":"https:\/\/culinare.bio\/","logo":{"@type":"ImageObject","inLanguage":"nl-NL","@id":"https:\/\/culinare.bio\/#\/schema\/logo\/image\/","url":"https:\/\/mlfn8maxtp7f.i.optimole.com\/w:auto\/h:auto\/q:mauto\/g:sm\/f:best\/ig:avif\/https:\/\/culinare.bio\/wp-content\/uploads\/2020\/10\/cropped-Culinare-logo-noir-2-1.png","contentUrl":"https:\/\/mlfn8maxtp7f.i.optimole.com\/w:auto\/h:auto\/q:mauto\/g:sm\/f:best\/ig:avif\/https:\/\/culinare.bio\/wp-content\/uploads\/2020\/10\/cropped-Culinare-logo-noir-2-1.png","width":1586,"height":1584,"caption":"Culinare Bio"},"image":{"@id":"https:\/\/culinare.bio\/#\/schema\/logo\/image\/"},"sameAs":["https:\/\/www.instagram.com\/culinarebio\/"]}]}},"_links":{"self":[{"href":"http:\/\/culinare.bio\/nl\/wp-json\/wp\/v2\/pages\/1240"}],"collection":[{"href":"http:\/\/culinare.bio\/nl\/wp-json\/wp\/v2\/pages"}],"about":[{"href":"http:\/\/culinare.bio\/nl\/wp-json\/wp\/v2\/types\/page"}],"author":[{"embeddable":true,"href":"http:\/\/culinare.bio\/nl\/wp-json\/wp\/v2\/users\/2"}],"replies":[{"embeddable":true,"href":"http:\/\/culinare.bio\/nl\/wp-json\/wp\/v2\/comments?post=1240"}],"version-history":[{"count":4,"href":"http:\/\/culinare.bio\/nl\/wp-json\/wp\/v2\/pages\/1240\/revisions"}],"predecessor-version":[{"id":1244,"href":"http:\/\/culinare.bio\/nl\/wp-json\/wp\/v2\/pages\/1240\/revisions\/1244"}],"wp:attachment":[{"href":"http:\/\/culinare.bio\/nl\/wp-json\/wp\/v2\/media?parent=1240"}],"curies":[{"name":"wp","href":"https:\/\/api.w.org\/{rel}","templated":true}]}}