{"id":3,"date":"2020-05-13T23:09:15","date_gmt":"2020-05-13T21:09:15","guid":{"rendered":"https:\/\/culinare.bio\/?page_id=3"},"modified":"2023-09-29T16:52:08","modified_gmt":"2023-09-29T14:52:08","slug":"mentions-legales","status":"publish","type":"page","link":"http:\/\/culinare.bio\/de\/impressum\/","title":{"rendered":"Impressum"},"content":{"rendered":"<div data-elementor-type=\"wp-page\" data-elementor-id=\"3\" class=\"elementor elementor-3\" data-elementor-post-type=\"page\">\n\t\t\t\t\t\t<section class=\"elementor-section elementor-top-section elementor-element elementor-element-95b60e3 elementor-section-boxed elementor-section-height-default elementor-section-height-default\" data-id=\"95b60e3\" data-element_type=\"section\">\n\t\t\t\t\t\t<div class=\"elementor-container elementor-column-gap-wide\">\n\t\t\t\t\t<div class=\"elementor-column elementor-col-100 elementor-top-column elementor-element elementor-element-0343070\" data-id=\"0343070\" data-element_type=\"column\">\n\t\t\t<div class=\"elementor-widget-wrap elementor-element-populated\">\n\t\t\t\t\t\t<div class=\"elementor-element elementor-element-5da9559 elementor-widget elementor-widget-heading\" data-id=\"5da9559\" data-element_type=\"widget\" data-widget_type=\"heading.default\">\n\t\t\t\t<div class=\"elementor-widget-container\">\n\t\t\t\t\t<h1 class=\"elementor-heading-title elementor-size-default\">Impressum<\/h1>\t\t\t\t<\/div>\n\t\t\t\t<\/div>\n\t\t\t\t<div class=\"elementor-element elementor-element-e2bacef elementor-widget-divider--separator-type-pattern elementor-widget-divider--view-line elementor-widget elementor-widget-divider\" data-id=\"e2bacef\" data-element_type=\"widget\" data-widget_type=\"divider.default\">\n\t\t\t\t<div class=\"elementor-widget-container\">\n\t\t\t\t\t\t\t<div class=\"elementor-divider\" style=\"--divider-pattern-url: url(&quot;data:image\/svg+xml,%3Csvg xmlns=&#039;http:\/\/www.w3.org\/2000\/svg&#039; preserveAspectRatio=&#039;none&#039; overflow=&#039;visible&#039; height=&#039;100%&#039; viewBox=&#039;0 0 24 24&#039; fill=&#039;none&#039; stroke=&#039;black&#039; stroke-width=&#039;4&#039; stroke-linecap=&#039;square&#039; stroke-miterlimit=&#039;10&#039;%3E%3Cpath d=&#039;M0,6c6,0,6,13,12,13S18,6,24,6&#039;\/%3E%3C\/svg%3E&quot;);\">\n\t\t\t<span class=\"elementor-divider-separator\">\n\t\t\t\t\t\t<\/span>\n\t\t<\/div>\n\t\t\t\t\t\t<\/div>\n\t\t\t\t<\/div>\n\t\t\t\t<div class=\"elementor-element elementor-element-ee5fa2f elementor-widget elementor-widget-text-editor\" data-id=\"ee5fa2f\" data-element_type=\"widget\" data-widget_type=\"text-editor.default\">\n\t\t\t\t<div class=\"elementor-widget-container\">\n\t\t\t\t\t\t\t\t\t<h3>1. Pr\u00e4sentation der Website.<\/h3><p>En vertu de l&#8217;article 6 de la loi n\u00b0 2004-575 du 21 juin 2004 pour la confiance dans l&#8217;\u00e9conomie num\u00e9rique, il est pr\u00e9cis\u00e9 aux utilisateurs du site <a href=\"http:\/\/culinare.bio\/de\/\">www.culinare.bio<\/a> l&#8217;identit\u00e9 des diff\u00e9rents intervenants dans le cadre de sa r\u00e9alisation et de son suivi :<\/p><p><strong>Eigent\u00fcmer<\/strong> : BONPLET \u2013 SARL 80386293700015 \u2013 rue du 19 mars 1962, BONPLET<br \/><strong>Sch\u00f6pfer<\/strong> : <a href=\"http:\/\/culinare.bio\/de\/\">Christophe Jestin<\/a><br \/><strong>Publikationsmanager<\/strong> : Apolonia Jestin \u2013 contact@culinare.bio<br \/>Der Publikationsmanager ist eine nat\u00fcrliche oder juristische Person.<br \/><strong>Webmaster<\/strong> : Apolonia Jestin \u2013 contact@culinare.bio<br \/><strong>Gastgeber<\/strong> : OVH \u2013 2 Rue Kellermann, 59100 Roubaix<\/p><h3>2. Allgemeine Nutzungsbedingungen der Website und der angebotenen Dienste.<\/h3><p>Nutzung der Website <a href=\"http:\/\/culinare.bio\/de\/\">www.culinare.bio<\/a> setzt die vollst\u00e4ndige Akzeptanz der nachstehend beschriebenen allgemeinen Nutzungsbedingungen voraus. Diese Nutzungsbedingungen k\u00f6nnen von den Nutzern der Website jederzeit ge\u00e4ndert oder erg\u00e4nzt werden <a href=\"http:\/\/culinare.bio\/de\/\">www.culinare.bio<\/a> werden daher gebeten, diese regelm\u00e4\u00dfig zu konsultieren.<\/p><p>Diese Website ist f\u00fcr Benutzer grunds\u00e4tzlich jederzeit zug\u00e4nglich. BONPLET kann jedoch eine Unterbrechung aus Gr\u00fcnden der technischen Wartung beschlie\u00dfen. BONPLET wird sich dann bem\u00fchen, den Nutzern die Daten und Uhrzeiten des Eingriffs im Voraus mitzuteilen.<\/p><p>Der Standort <a href=\"http:\/\/culinare.bio\/de\/\">www.culinare.bio<\/a> wird regelm\u00e4\u00dfig von Apolonia Jestin aktualisiert. Ebenso k\u00f6nnen die rechtlichen Hinweise jederzeit ge\u00e4ndert werden: Sie sind jedoch f\u00fcr den Benutzer verbindlich, der aufgefordert wird, sie so oft wie m\u00f6glich zu lesen, um sie zu lesen.<\/p><h3>3. Beschreibung der erbrachten Leistungen.<\/h3><p>Der Standort <a href=\"http:\/\/culinare.bio\/de\/\">www.culinare.bio<\/a> Ziel ist es, Informationen \u00fcber alle Aktivit\u00e4ten des Unternehmens bereitzustellen.<\/p><p>BONPLET ist bestrebt, auf der Website bereitzustellen <a href=\"http:\/\/culinare.bio\/de\/\">www.culinare.bio<\/a> Informationen so genau wie m\u00f6glich. Sie kann jedoch nicht f\u00fcr Auslassungen, Ungenauigkeiten und M\u00e4ngel in der Aktualisierung haftbar gemacht werden, sei es durch sie selbst oder durch Drittpartner, die diese Informationen bereitstellen.<\/p><p>Alle auf der Website angegebenen Informationen <a href=\"http:\/\/culinare.bio\/de\/\">www.culinare.bio<\/a> Die Angaben dienen lediglich der Information und k\u00f6nnen jederzeit ge\u00e4ndert werden. Dar\u00fcber hinaus die auf der Website angezeigten Informationen <a href=\"http:\/\/culinare.bio\/de\/\">www.culinare.bio<\/a> sind nicht ersch\u00f6pfend. \u00c4nderungen seit der Online-Ver\u00f6ffentlichung sind vorbehalten.<\/p><h3>4. Vertragliche Beschr\u00e4nkungen der technischen Daten.<\/h3><p>Die Website nutzt JavaScript-Technologie.<\/p><p>Die Website kann nicht f\u00fcr materielle Sch\u00e4den im Zusammenhang mit der Nutzung der Website haftbar gemacht werden. Dar\u00fcber hinaus verpflichtet sich der Benutzer der Website, auf die Website mit neueren, virenfreien Ger\u00e4ten und einem aktualisierten Browser der neuesten Generation zuzugreifen.<\/p><h3>5. Geistiges Eigentum und F\u00e4lschung.<\/h3><p>BONPLET besitzt die geistigen Eigentumsrechte bzw. besitzt die Nutzungsrechte an allen auf der Website zug\u00e4nglichen Elementen, insbesondere Texten, Bildern, Grafiken, Logos, Icons, Sounds, Software.<\/p><p>Jegliche Vervielf\u00e4ltigung, Darstellung, \u00c4nderung, Ver\u00f6ffentlichung, Anpassung aller oder eines Teils der Elemente der Website, unabh\u00e4ngig von den verwendeten Mitteln oder Verfahren, ist ohne vorherige schriftliche Genehmigung von: BONPLET verboten.<\/p><p>Jede unbefugte Nutzung der Website oder eines der darin enthaltenen Elemente wird als Versto\u00df angesehen und gem\u00e4\u00df den Bestimmungen der Artikel L.335-2 ff. des Gesetzes \u00fcber geistiges Eigentum verfolgt.<\/p><h3>6. Haftungsbeschr\u00e4nkungen.<\/h3><p>BONPLET kann nicht f\u00fcr direkte oder indirekte Sch\u00e4den haftbar gemacht werden, die an der Ausr\u00fcstung des Benutzers beim Zugriff auf die Website www.culinare.bio entstehen und entweder auf die Verwendung von Ger\u00e4ten zur\u00fcckzuf\u00fchren sind, die nicht den in Punkt 4 genannten Spezifikationen entsprechen, oder auf das Auftreten eines Fehlers oder einer Inkompatibilit\u00e4t .<\/p><p>BONPLET kann auch nicht f\u00fcr indirekte Sch\u00e4den (wie Marktverluste oder entgangene Chancen) haftbar gemacht werden, die sich aus der Nutzung der Website ergeben. <a href=\"http:\/\/culinare.bio\/de\/\">www.culinare.bio<\/a>.<\/p><p>Den Benutzern stehen interaktive Bereiche (M\u00f6glichkeit, Fragen im Kontaktbereich zu stellen) zur Verf\u00fcgung. BONPLET beh\u00e4lt sich das Recht vor, ohne vorherige Ank\u00fcndigung alle in diesem Bereich ver\u00f6ffentlichten Inhalte zu l\u00f6schen, die gegen die in Frankreich geltenden Rechtsvorschriften, insbesondere die Bestimmungen zum Datenschutz, versto\u00dfen. Gegebenenfalls beh\u00e4lt sich BONPLET au\u00dferdem das Recht vor, die zivil- und\/oder strafrechtliche Haftung des Nutzers in Frage zu stellen, insbesondere im Falle von Nachrichten rassistischer, beleidigender, verleumderischer oder pornografischer Natur, unabh\u00e4ngig vom verwendeten Medium (Text, Fotografie\u2026).<\/p><h3>7. Verwaltung personenbezogener Daten.<\/h3><p>En France, les donn\u00e9es personnelles sont notamment prot\u00e9g\u00e9es par la loi n\u00b0 78-87 du 6 janvier 1978, la loi n\u00b0 2004-801 du 6 ao\u00fbt 2004, l&#8217;article L. 226-13 du Code p\u00e9nal et la Directive Europ\u00e9enne du 24 octobre 1995.<\/p><p>A l&#8217;occasion de l&#8217;utilisation du site <a href=\"http:\/\/culinare.bio\/de\/\">www.culinare.bio<\/a>, peuvent \u00eatres recueillies : l&#8217;URL des liens par l&#8217;interm\u00e9diaire desquels l&#8217;utilisateur a acc\u00e9d\u00e9 au site <a href=\"http:\/\/culinare.bio\/de\/\">www.culinare.bio<\/a>, le fournisseur d&#8217;acc\u00e8s de l&#8217;utilisateur, l&#8217;adresse de protocole Internet (IP) de l&#8217;utilisateur.<\/p><p>En tout \u00e9tat de cause BONPLET ne collecte des informations personnelles relatives \u00e0 l&#8217;utilisateur que pour le besoin de certains services propos\u00e9s par le site <a href=\"http:\/\/culinare.bio\/de\/\">www.culinare.bio<\/a>. L&#8217;utilisateur fournit ces informations en toute connaissance de cause, notamment lorsqu&#8217;il proc\u00e8de par lui-m\u00eame \u00e0 leur saisie. Il est alors pr\u00e9cis\u00e9 \u00e0 l&#8217;utilisateur du site <a href=\"http:\/\/culinare.bio\/de\/\">www.culinare.bio<\/a> die Verpflichtung, diese Informationen bereitzustellen oder nicht.<\/p><p>Gem\u00e4\u00df den Bestimmungen der Artikel 38 ff. des Gesetzes 78-17 vom 6. Januar 1978 \u00fcber Datenverarbeitung, Dateien und Freiheiten hat jeder Benutzer das Recht auf Zugang, Berichtigung und Widerspruch zu den ihn betreffenden personenbezogenen Daten, indem er eine schriftliche Erkl\u00e4rung abgibt und unterzeichneter Antrag, zusammen mit einer Kopie des Ausweisdokuments mit Unterschrift des Inhabers des Dokuments, unter Angabe der Adresse, an die die Antwort gesendet werden muss.<\/p><p>Aucune information personnelle de l&#8217;utilisateur du site <a href=\"http:\/\/culinare.bio\/de\/\">www.culinare.bio<\/a> n&#8217;est publi\u00e9e \u00e0 l&#8217;insu de l&#8217;utilisateur, \u00e9chang\u00e9e, transf\u00e9r\u00e9e, c\u00e9d\u00e9e ou vendue sur un support quelconque \u00e0 des tiers. Seule l&#8217;hypoth\u00e8se du rachat de BONPLET et de ses droits permettrait la transmission des dites informations \u00e0 l&#8217;\u00e9ventuel acqu\u00e9reur qui serait \u00e0 son tour tenu de la m\u00eame obligation de conservation et de modification des donn\u00e9es vis \u00e0 vis de l&#8217;utilisateur du site <a href=\"http:\/\/culinare.bio\/de\/\">www.culinare.bio<\/a>.<\/p><p>Die Datenbanken sind durch die Bestimmungen des Gesetzes vom 1. Juli 1998 zur Umsetzung der Richtlinie 96\/9 vom 11. M\u00e4rz 1996 \u00fcber den rechtlichen Schutz von Datenbanken gesch\u00fctzt.<\/p><h3>8. Hypertext-Links und Cookies.<\/h3><p>Der Standort <a href=\"http:\/\/culinare.bio\/de\/\">www.culinare.bio<\/a> enth\u00e4lt eine bestimmte Anzahl von Hypertext-Links zu anderen Websites, die mit Genehmigung von BONPLET eingerichtet wurden. BONPLET ist jedoch nicht in der Lage, den Inhalt der besuchten Seiten zu \u00fcberpr\u00fcfen und \u00fcbernimmt daher keine Verantwortung daf\u00fcr.<\/p><p>Navigation auf der Website <a href=\"http:\/\/culinare.bio\/de\/\">www.culinare.bio<\/a> kann zur Installation von Cookies auf dem Computer des Benutzers f\u00fchren. Ein Cookie ist eine kleine Datei, die keine Identifizierung des Benutzers erm\u00f6glicht, aber Informationen \u00fcber die Navigation eines Computers auf einer Website aufzeichnet. Die so gewonnenen Daten sollen die sp\u00e4tere Navigation auf der Website erleichtern und zudem verschiedene Verkehrsmessungen erm\u00f6glichen.<\/p><p>Die Verweigerung der Installation eines Cookies kann dazu f\u00fchren, dass der Zugriff auf bestimmte Dienste nicht m\u00f6glich ist. Der Benutzer kann seinen Computer jedoch folgenderma\u00dfen konfigurieren, um die Installation von Cookies abzulehnen:<\/p><p>Unter Internet Explorer: Registerkarte \u201eWerkzeuge\u201c (zahnradf\u00f6rmiges Piktogramm oben rechts) \/ Internetoptionen. Klicken Sie auf Datenschutz und w\u00e4hlen Sie Alle Cookies blockieren. Best\u00e4tigen Sie auf Ok.<\/p><p>Sous Firefox : en haut de la fen\u00eatre du navigateur, cliquez sur le bouton Firefox, puis aller dans l&#8217;onglet Options. Cliquer sur l&#8217;onglet Vie priv\u00e9e.<br \/>Param\u00e9trez les R\u00e8gles de conservation sur : utiliser les param\u00e8tres personnalis\u00e9s pour l&#8217;historique. Enfin d\u00e9cochez-la pour d\u00e9sactiver les cookies.<\/p><p>Sous Safari : Cliquez en haut \u00e0 droite du navigateur sur le pictogramme de menu (symbolis\u00e9 par un rouage). S\u00e9lectionnez Param\u00e8tres. Cliquez sur Afficher les param\u00e8tres avanc\u00e9s. Dans la section &#8220;Confidentialit\u00e9&#8221;, cliquez sur Param\u00e8tres de contenu. Dans la section &#8220;Cookies&#8221;, vous pouvez bloquer les cookies.<\/p><p>Sous Chrome : Cliquez en haut \u00e0 droite du navigateur sur le pictogramme de menu (symbolis\u00e9 par trois lignes horizontales). S\u00e9lectionnez Param\u00e8tres. Cliquez sur Afficher les param\u00e8tres avanc\u00e9s. Dans la section &#8220;Confidentialit\u00e9&#8221;, cliquez sur pr\u00e9f\u00e9rences. Dans l&#8217;onglet &#8220;Confidentialit\u00e9&#8221;, vous pouvez bloquer les cookies.<\/p><h3>9. Anwendbares Recht und Gerichtsstand.<\/h3><p>Alle Streitigkeiten im Zusammenhang mit der Nutzung der Website <a href=\"http:\/\/culinare.bio\/de\/\">www.culinare.bio<\/a> unterliegt franz\u00f6sischem Recht. Die ausschlie\u00dfliche Zust\u00e4ndigkeit liegt bei den zust\u00e4ndigen Gerichten in Paris.<\/p><h3>10. Die wichtigsten betroffenen Gesetze.<\/h3><p>Loi n\u00b0 78-17 du 6 janvier 1978, notamment modifi\u00e9e par la loi n\u00b0 2004-801 du 6 ao\u00fbt 2004 relative \u00e0 l&#8217;informatique, aux fichiers et aux libert\u00e9s.<\/p><p>Loi n\u00b0 2004-575 du 21 juin 2004 pour la confiance dans l&#8217;\u00e9conomie num\u00e9rique.<\/p><h3>11. Glossar.<\/h3><p>Benutzer: Internetbenutzer, der \u00fcber die oben genannte Website eine Verbindung herstellt.<\/p><p>Informations personnelles : \u00ab les informations qui permettent, sous quelque forme que ce soit, directement ou non, l&#8217;identification des personnes physiques auxquelles elles s&#8217;appliquent \u00bb (article 4 de la loi n\u00b0 78-17 du 6 janvier 1978).<\/p>\t\t\t\t\t\t\t\t<\/div>\n\t\t\t\t<\/div>\n\t\t\t\t\t<\/div>\n\t\t<\/div>\n\t\t\t\t\t<\/div>\n\t\t<\/section>\n\t\t\t\t<\/div>","protected":false},"excerpt":{"rendered":"<p>Mentions l\u00e9gales 1. Pr\u00e9sentation du site. En vertu de l&#8217;article 6 de la loi n\u00b0 2004-575 du 21 juin 2004 pour la confiance dans l&#8217;\u00e9conomie num\u00e9rique, il est pr\u00e9cis\u00e9 aux utilisateurs du site www.culinare.bio l&#8217;identit\u00e9 des diff\u00e9rents intervenants dans le cadre de sa r\u00e9alisation et de son suivi : Propri\u00e9taire : BONPLET \u2013 SARL 80386293700015 [&hellip;]<\/p>","protected":false},"author":2,"featured_media":0,"parent":0,"menu_order":0,"comment_status":"closed","ping_status":"open","template":"elementor_header_footer","meta":{"footnotes":""},"yoast_head":"<!-- This site is optimized with the Yoast SEO plugin v24.5 - https:\/\/yoast.com\/wordpress\/plugins\/seo\/ -->\n<title>Mentions l\u00e9gales - Culinare Bio<\/title>\n<meta name=\"robots\" content=\"index, follow, max-snippet:-1, max-image-preview:large, max-video-preview:-1\" \/>\n<link rel=\"canonical\" href=\"http:\/\/culinare.bio\/de\/impressum\/\" \/>\n<meta property=\"og:locale\" content=\"de_DE\" \/>\n<meta property=\"og:type\" content=\"article\" \/>\n<meta property=\"og:title\" content=\"Mentions l\u00e9gales - Culinare Bio\" \/>\n<meta property=\"og:description\" content=\"Mentions l\u00e9gales 1. Pr\u00e9sentation du site. En vertu de l&#8217;article 6 de la loi n\u00b0 2004-575 du 21 juin 2004 pour la confiance dans l&#8217;\u00e9conomie num\u00e9rique, il est pr\u00e9cis\u00e9 aux utilisateurs du site www.culinare.bio l&#8217;identit\u00e9 des diff\u00e9rents intervenants dans le cadre de sa r\u00e9alisation et de son suivi : Propri\u00e9taire : BONPLET \u2013 SARL 80386293700015 [&hellip;]\" \/>\n<meta property=\"og:url\" content=\"http:\/\/culinare.bio\/de\/impressum\/\" \/>\n<meta property=\"og:site_name\" content=\"Culinare Bio\" \/>\n<meta property=\"article:modified_time\" content=\"2023-09-29T14:52:08+00:00\" \/>\n<meta property=\"og:image\" content=\"https:\/\/mlfn8maxtp7f.i.optimole.com\/w:auto\/h:auto\/q:mauto\/g:sm\/f:best\/ig:avif\/https:\/\/culinare.bio\/wp-content\/uploads\/2023\/09\/culinare-thumb.jpg\" \/>\n\t<meta property=\"og:image:width\" content=\"1200\" \/>\n\t<meta property=\"og:image:height\" content=\"675\" \/>\n\t<meta property=\"og:image:type\" content=\"image\/jpeg\" \/>\n<meta name=\"twitter:card\" content=\"summary_large_image\" \/>\n<meta name=\"twitter:label1\" content=\"Gesch\u00e4tzte Lesezeit\" \/>\n\t<meta name=\"twitter:data1\" content=\"8\u00a0Minuten\" \/>\n<script type=\"application\/ld+json\" class=\"yoast-schema-graph\">{\"@context\":\"https:\/\/schema.org\",\"@graph\":[{\"@type\":\"WebPage\",\"@id\":\"https:\/\/culinare.bio\/mentions-legales\/\",\"url\":\"https:\/\/culinare.bio\/mentions-legales\/\",\"name\":\"Mentions l\u00e9gales - Culinare Bio\",\"isPartOf\":{\"@id\":\"https:\/\/culinare.bio\/#website\"},\"datePublished\":\"2020-05-13T21:09:15+00:00\",\"dateModified\":\"2023-09-29T14:52:08+00:00\",\"breadcrumb\":{\"@id\":\"https:\/\/culinare.bio\/mentions-legales\/#breadcrumb\"},\"inLanguage\":\"de\",\"potentialAction\":[{\"@type\":\"ReadAction\",\"target\":[\"https:\/\/culinare.bio\/mentions-legales\/\"]}]},{\"@type\":\"BreadcrumbList\",\"@id\":\"https:\/\/culinare.bio\/mentions-legales\/#breadcrumb\",\"itemListElement\":[{\"@type\":\"ListItem\",\"position\":1,\"name\":\"Home\",\"item\":\"https:\/\/culinare.bio\/\"},{\"@type\":\"ListItem\",\"position\":2,\"name\":\"Mentions l\u00e9gales\"}]},{\"@type\":\"WebSite\",\"@id\":\"https:\/\/culinare.bio\/#website\",\"url\":\"https:\/\/culinare.bio\/\",\"name\":\"Culinare Bio\",\"description\":\"\",\"publisher\":{\"@id\":\"https:\/\/culinare.bio\/#organization\"},\"potentialAction\":[{\"@type\":\"SearchAction\",\"target\":{\"@type\":\"EntryPoint\",\"urlTemplate\":\"https:\/\/culinare.bio\/?s={search_term_string}\"},\"query-input\":{\"@type\":\"PropertyValueSpecification\",\"valueRequired\":true,\"valueName\":\"search_term_string\"}}],\"inLanguage\":\"de\"},{\"@type\":\"Organization\",\"@id\":\"https:\/\/culinare.bio\/#organization\",\"name\":\"Culinare Bio\",\"url\":\"https:\/\/culinare.bio\/\",\"logo\":{\"@type\":\"ImageObject\",\"inLanguage\":\"de\",\"@id\":\"https:\/\/culinare.bio\/#\/schema\/logo\/image\/\",\"url\":\"https:\/\/mlfn8maxtp7f.i.optimole.com\/w:auto\/h:auto\/q:mauto\/g:sm\/f:best\/ig:avif\/https:\/\/culinare.bio\/wp-content\/uploads\/2020\/10\/cropped-Culinare-logo-noir-2-1.png\",\"contentUrl\":\"https:\/\/mlfn8maxtp7f.i.optimole.com\/w:auto\/h:auto\/q:mauto\/g:sm\/f:best\/ig:avif\/https:\/\/culinare.bio\/wp-content\/uploads\/2020\/10\/cropped-Culinare-logo-noir-2-1.png\",\"width\":1586,\"height\":1584,\"caption\":\"Culinare Bio\"},\"image\":{\"@id\":\"https:\/\/culinare.bio\/#\/schema\/logo\/image\/\"},\"sameAs\":[\"https:\/\/www.instagram.com\/culinarebio\/\"]}]}<\/script>\n<!-- \/ Yoast SEO plugin. -->","yoast_head_json":{"title":"Mentions l\u00e9gales - Culinare Bio","robots":{"index":"index","follow":"follow","max-snippet":"max-snippet:-1","max-image-preview":"max-image-preview:large","max-video-preview":"max-video-preview:-1"},"canonical":"http:\/\/culinare.bio\/de\/impressum\/","og_locale":"de_DE","og_type":"article","og_title":"Mentions l\u00e9gales - Culinare Bio","og_description":"Mentions l\u00e9gales 1. Pr\u00e9sentation du site. En vertu de l&#8217;article 6 de la loi n\u00b0 2004-575 du 21 juin 2004 pour la confiance dans l&#8217;\u00e9conomie num\u00e9rique, il est pr\u00e9cis\u00e9 aux utilisateurs du site www.culinare.bio l&#8217;identit\u00e9 des diff\u00e9rents intervenants dans le cadre de sa r\u00e9alisation et de son suivi : Propri\u00e9taire : BONPLET \u2013 SARL 80386293700015 [&hellip;]","og_url":"http:\/\/culinare.bio\/de\/impressum\/","og_site_name":"Culinare Bio","article_modified_time":"2023-09-29T14:52:08+00:00","og_image":[{"width":1200,"height":675,"url":"https:\/\/mlfn8maxtp7f.i.optimole.com\/w:auto\/h:auto\/q:mauto\/g:sm\/f:best\/ig:avif\/https:\/\/culinare.bio\/wp-content\/uploads\/2023\/09\/culinare-thumb.jpg","type":"image\/jpeg"}],"twitter_card":"summary_large_image","twitter_misc":{"Gesch\u00e4tzte Lesezeit":"8\u00a0Minuten"},"schema":{"@context":"https:\/\/schema.org","@graph":[{"@type":"WebPage","@id":"https:\/\/culinare.bio\/mentions-legales\/","url":"https:\/\/culinare.bio\/mentions-legales\/","name":"Mentions l\u00e9gales - Culinare Bio","isPartOf":{"@id":"https:\/\/culinare.bio\/#website"},"datePublished":"2020-05-13T21:09:15+00:00","dateModified":"2023-09-29T14:52:08+00:00","breadcrumb":{"@id":"https:\/\/culinare.bio\/mentions-legales\/#breadcrumb"},"inLanguage":"de","potentialAction":[{"@type":"ReadAction","target":["https:\/\/culinare.bio\/mentions-legales\/"]}]},{"@type":"BreadcrumbList","@id":"https:\/\/culinare.bio\/mentions-legales\/#breadcrumb","itemListElement":[{"@type":"ListItem","position":1,"name":"Home","item":"https:\/\/culinare.bio\/"},{"@type":"ListItem","position":2,"name":"Mentions l\u00e9gales"}]},{"@type":"WebSite","@id":"https:\/\/culinare.bio\/#website","url":"https:\/\/culinare.bio\/","name":"Culinare Bio","description":"","publisher":{"@id":"https:\/\/culinare.bio\/#organization"},"potentialAction":[{"@type":"SearchAction","target":{"@type":"EntryPoint","urlTemplate":"https:\/\/culinare.bio\/?s={search_term_string}"},"query-input":{"@type":"PropertyValueSpecification","valueRequired":true,"valueName":"search_term_string"}}],"inLanguage":"de"},{"@type":"Organization","@id":"https:\/\/culinare.bio\/#organization","name":"Culinare Bio","url":"https:\/\/culinare.bio\/","logo":{"@type":"ImageObject","inLanguage":"de","@id":"https:\/\/culinare.bio\/#\/schema\/logo\/image\/","url":"https:\/\/mlfn8maxtp7f.i.optimole.com\/w:auto\/h:auto\/q:mauto\/g:sm\/f:best\/ig:avif\/https:\/\/culinare.bio\/wp-content\/uploads\/2020\/10\/cropped-Culinare-logo-noir-2-1.png","contentUrl":"https:\/\/mlfn8maxtp7f.i.optimole.com\/w:auto\/h:auto\/q:mauto\/g:sm\/f:best\/ig:avif\/https:\/\/culinare.bio\/wp-content\/uploads\/2020\/10\/cropped-Culinare-logo-noir-2-1.png","width":1586,"height":1584,"caption":"Culinare Bio"},"image":{"@id":"https:\/\/culinare.bio\/#\/schema\/logo\/image\/"},"sameAs":["https:\/\/www.instagram.com\/culinarebio\/"]}]}},"_links":{"self":[{"href":"http:\/\/culinare.bio\/de\/wp-json\/wp\/v2\/pages\/3"}],"collection":[{"href":"http:\/\/culinare.bio\/de\/wp-json\/wp\/v2\/pages"}],"about":[{"href":"http:\/\/culinare.bio\/de\/wp-json\/wp\/v2\/types\/page"}],"author":[{"embeddable":true,"href":"http:\/\/culinare.bio\/de\/wp-json\/wp\/v2\/users\/2"}],"replies":[{"embeddable":true,"href":"http:\/\/culinare.bio\/de\/wp-json\/wp\/v2\/comments?post=3"}],"version-history":[{"count":12,"href":"http:\/\/culinare.bio\/de\/wp-json\/wp\/v2\/pages\/3\/revisions"}],"predecessor-version":[{"id":1239,"href":"http:\/\/culinare.bio\/de\/wp-json\/wp\/v2\/pages\/3\/revisions\/1239"}],"wp:attachment":[{"href":"http:\/\/culinare.bio\/de\/wp-json\/wp\/v2\/media?parent=3"}],"curies":[{"name":"wp","href":"https:\/\/api.w.org\/{rel}","templated":true}]}}